{"id":4829,"date":"2022-12-28T14:11:50","date_gmt":"2022-12-28T11:11:50","guid":{"rendered":"https:\/\/www.drahmetdogan.com\/?page_id=4829"},"modified":"2022-12-30T13:12:56","modified_gmt":"2022-12-30T10:12:56","slug":"chirurgie-du-pied-et-de-la-cheville","status":"publish","type":"page","link":"https:\/\/www.drahmetdogan.com\/fr\/chirurgie-du-pied-et-de-la-cheville\/","title":{"rendered":"Chirurgie Du Pied Et De La Cheville"},"content":{"rendered":"<div id=\"seasidetms_row_rk4y3pjh9\" class=\"seasidetms_row seasidetms_color_scheme_default seasidetms_row_top_default seasidetms_row_bot_default seasidetms_row_boxed\">\n<div class=\"seasidetms_row_outer_parent\">\n<div class=\"seasidetms_row_outer\">\n<div class=\"seasidetms_row_inner\">\n<div class=\"seasidetms_row_margin\">\n<div id=\"seasidetms_column_wgzol4d0mq\" class=\"seasidetms_column one_half\">\n<div class=\"seasidetms_column_inner\"><div class=\"seasidetms_img  seasidetms_image_n\"><img decoding=\"async\" src=\"https:\/\/www.drahmetdogan.com\/wp-content\/uploads\/2022\/12\/foot-surgery2-scaled-1-580x338.jpg\" \/><\/div>\n<\/div><\/div>\n<div id=\"seasidetms_column_2cnply9knc\" class=\"seasidetms_column one_half\">\n<div class=\"seasidetms_column_inner\"><div id=\"seasidetms_heading_vo0uep1bw8\" class=\"seasidetms_heading_wrap seasidetms_heading_align_left\">\n\t<h2 class=\"seasidetms_heading\">CHIRURGIE DU PIED ET DE LA CHEVILLE<\/h2>\n<\/div><div class=\"seasidetms_text\">\n<p style=\"color: #b0c4f5;\"><strong>Applique le traitement des troubles de l&rsquo;articulation du pied et de la cheville chez l&rsquo;adulte et l&rsquo;enfant. Les troubles du pied et de la cheville sont assez fr\u00e9quents dans la communaut\u00e9. Comme c&rsquo;est la zone de notre corps qui entre en contact avec le sol, l&rsquo;inconfort des pieds et des chevilles affecte \u00e9galement d&rsquo;autres parties du corps. <\/strong><\/p>\n<p style=\"color: #b0c4f5;\">En particulier, il existe des restrictions importantes dans la vie quotidienne. Les pathologies traumatiques, cong\u00e9nitales ou acquises du pied et de la cheville sont trait\u00e9es par les chirurgiens du pied et de la cheville.<\/p>\n<p style=\"color: #b0c4f5;\"><strong>Quelles sont les blessures \u00e0 la cheville? <\/strong><\/p>\n<p style=\"color: #b0c4f5;\">Les entorses de la cheville arrivent en t\u00eate des blessures \u00e0 la cheville. Les entorses de la cheville sont le type de blessure avec le taux le plus \u00e9lev\u00e9 de recours aux urgences orthop\u00e9diques, tant dans la vie quotidienne que dans les blessures sportives. Les probl\u00e8mes de cheville ne peuvent pas seulement \u00eatre caus\u00e9s par des entorses.<\/p>\n<p style=\"color: #b0c4f5;\">En plus d&rsquo;entorse;<\/p>\n<ul>\n<li style=\"color: #b0c4f5;\">Fractures et fissures dues \u00e0 un traumatisme<\/li>\n<li style=\"color: #b0c4f5;\">Blessures des ligaments lat\u00e9raux (ATFL, CFL)<\/li>\n<li style=\"color: #b0c4f5;\">Blessure au tendon d&rsquo;Achille<\/li>\n<li style=\"color: #b0c4f5;\">L\u00e9sions cartilagineuses<\/li>\n<\/ul>\n<p style=\"color: #b0c4f5;\"><strong>Quel est le traitement des blessures \u00e0 la cheville?<\/strong><\/p>\n<p style=\"color: #b0c4f5;\">Selon le degr\u00e9 de blessure;<\/p>\n<ul>\n<li style=\"color: #b0c4f5;\">Fixation de la cheville avec pl\u00e2tre ou attelles<\/li>\n<li style=\"color: #b0c4f5;\">Utilisation de chaussures de marche sp\u00e9ciales<\/li>\n<li style=\"color: #b0c4f5;\">Des options de traitement telles que des m\u00e9thodes chirurgicales peuvent \u00eatre appliqu\u00e9es.<\/li>\n<\/ul>\n<p style=\"color: #b0c4f5;\">Dans les blessures \u00e0 la cheville avanc\u00e9es, les applications de physioth\u00e9rapie peuvent \u00eatre pr\u00e9f\u00e9r\u00e9es en fonction du type et de la gravit\u00e9 de la blessure.<\/p>\n<\/div>\n<div id=\"seasidetms_divider_j8mmvfll1g\" class=\"cl\"><\/div>\n<\/div><\/div>\n<\/div>\n<\/div>\n<\/div>\n<\/div>\n<\/div>\n<div id=\"seasidetms_row_2bv8sqa0pw\" class=\"seasidetms_row seasidetms_color_scheme_default d-none seasidetms_row_top_default seasidetms_row_bot_default seasidetms_row_boxed\">\n<div class=\"seasidetms_row_outer_parent\">\n<div class=\"seasidetms_row_outer\">\n<div class=\"seasidetms_row_inner\">\n<div class=\"seasidetms_row_margin\">\n<div id=\"seasidetms_column_9350o3xsie\" class=\"seasidetms_column one_first\">\n<div class=\"seasidetms_column_inner\"><div id=\"seasidetms_heading_o2he7rw8b\" class=\"seasidetms_heading_wrap seasidetms_heading_align_left\">\n\t<h2 class=\"seasidetms_heading\">Dipl\u00f4mes et certificats<\/h2>\n<\/div><div id=\"seasidetms_heading_d9wh130j0p\" class=\"seasidetms_heading_wrap seasidetms_heading_align_left\">\n\t<h6 class=\"seasidetms_heading\">Sp\u00e9cialisations<\/h6>\n<\/div><div id=\"seasidetms_gallery_6k0ic7smw\" class=\"seasidetms_gallery_wrap\" data-type=\"masonry\" data-count=\"0\"><ul class=\"seasidetms_gallery seasidetms_4 seasidetms_more_items_loader\"><li class=\"seasidetms_gallery_item\"><figure><a href=\"https:\/\/www.drahmetdogan.com\/wp-content\/uploads\/2018\/07\/02-2.jpg\" rel=\"ilightbox[6k0ic7smw]\"><img loading=\"lazy\" decoding=\"async\" width=\"1920\" height=\"1080\" src=\"https:\/\/www.drahmetdogan.com\/wp-content\/uploads\/2018\/07\/02-2.jpg\" class=\"attachment-full size-full\" alt=\"image\" srcset=\"https:\/\/www.drahmetdogan.com\/wp-content\/uploads\/2018\/07\/02-2.jpg 1920w, https:\/\/www.drahmetdogan.com\/wp-content\/uploads\/2018\/07\/02-2-300x169.jpg 300w, https:\/\/www.drahmetdogan.com\/wp-content\/uploads\/2018\/07\/02-2-1024x576.jpg 1024w, https:\/\/www.drahmetdogan.com\/wp-content\/uploads\/2018\/07\/02-2-768x432.jpg 768w, https:\/\/www.drahmetdogan.com\/wp-content\/uploads\/2018\/07\/02-2-1536x864.jpg 1536w, https:\/\/www.drahmetdogan.com\/wp-content\/uploads\/2018\/07\/02-2-580x326.jpg 580w, https:\/\/www.drahmetdogan.com\/wp-content\/uploads\/2018\/07\/02-2-860x484.jpg 860w, https:\/\/www.drahmetdogan.com\/wp-content\/uploads\/2018\/07\/02-2-1160x653.jpg 1160w, https:\/\/www.drahmetdogan.com\/wp-content\/uploads\/2018\/07\/02-2-1320x743.jpg 1320w\" sizes=\"auto, (max-width: 1920px) 100vw, 1920px\" \/><\/a><\/figure><\/li><li class=\"seasidetms_gallery_item\"><figure><a href=\"https:\/\/www.drahmetdogan.com\/wp-content\/uploads\/2018\/07\/03-2.jpg\" rel=\"ilightbox[6k0ic7smw]\"><img loading=\"lazy\" decoding=\"async\" width=\"1920\" height=\"1080\" src=\"https:\/\/www.drahmetdogan.com\/wp-content\/uploads\/2018\/07\/03-2.jpg\" class=\"attachment-full size-full\" alt=\"image\" srcset=\"https:\/\/www.drahmetdogan.com\/wp-content\/uploads\/2018\/07\/03-2.jpg 1920w, https:\/\/www.drahmetdogan.com\/wp-content\/uploads\/2018\/07\/03-2-300x169.jpg 300w, https:\/\/www.drahmetdogan.com\/wp-content\/uploads\/2018\/07\/03-2-1024x576.jpg 1024w, https:\/\/www.drahmetdogan.com\/wp-content\/uploads\/2018\/07\/03-2-768x432.jpg 768w, https:\/\/www.drahmetdogan.com\/wp-content\/uploads\/2018\/07\/03-2-1536x864.jpg 1536w, https:\/\/www.drahmetdogan.com\/wp-content\/uploads\/2018\/07\/03-2-580x326.jpg 580w, https:\/\/www.drahmetdogan.com\/wp-content\/uploads\/2018\/07\/03-2-860x484.jpg 860w, https:\/\/www.drahmetdogan.com\/wp-content\/uploads\/2018\/07\/03-2-1160x653.jpg 1160w, https:\/\/www.drahmetdogan.com\/wp-content\/uploads\/2018\/07\/03-2-1320x743.jpg 1320w\" sizes=\"auto, (max-width: 1920px) 100vw, 1920px\" \/><\/a><\/figure><\/li><li class=\"seasidetms_gallery_item\"><figure><a href=\"https:\/\/www.drahmetdogan.com\/wp-content\/uploads\/2018\/07\/06-2.jpg\" rel=\"ilightbox[6k0ic7smw]\"><img loading=\"lazy\" decoding=\"async\" width=\"1920\" height=\"1080\" src=\"https:\/\/www.drahmetdogan.com\/wp-content\/uploads\/2018\/07\/06-2.jpg\" class=\"attachment-full size-full\" alt=\"image\" srcset=\"https:\/\/www.drahmetdogan.com\/wp-content\/uploads\/2018\/07\/06-2.jpg 1920w, https:\/\/www.drahmetdogan.com\/wp-content\/uploads\/2018\/07\/06-2-300x169.jpg 300w, https:\/\/www.drahmetdogan.com\/wp-content\/uploads\/2018\/07\/06-2-1024x576.jpg 1024w, https:\/\/www.drahmetdogan.com\/wp-content\/uploads\/2018\/07\/06-2-768x432.jpg 768w, https:\/\/www.drahmetdogan.com\/wp-content\/uploads\/2018\/07\/06-2-1536x864.jpg 1536w, https:\/\/www.drahmetdogan.com\/wp-content\/uploads\/2018\/07\/06-2-580x326.jpg 580w, https:\/\/www.drahmetdogan.com\/wp-content\/uploads\/2018\/07\/06-2-860x484.jpg 860w, https:\/\/www.drahmetdogan.com\/wp-content\/uploads\/2018\/07\/06-2-1160x653.jpg 1160w, https:\/\/www.drahmetdogan.com\/wp-content\/uploads\/2018\/07\/06-2-1320x743.jpg 1320w\" sizes=\"auto, (max-width: 1920px) 100vw, 1920px\" \/><\/a><\/figure><\/li><li class=\"seasidetms_gallery_item\"><figure><a href=\"https:\/\/www.drahmetdogan.com\/wp-content\/uploads\/2018\/07\/04-2.jpg\" rel=\"ilightbox[6k0ic7smw]\"><img loading=\"lazy\" decoding=\"async\" width=\"1920\" height=\"1080\" src=\"https:\/\/www.drahmetdogan.com\/wp-content\/uploads\/2018\/07\/04-2.jpg\" class=\"attachment-full size-full\" alt=\"image\" srcset=\"https:\/\/www.drahmetdogan.com\/wp-content\/uploads\/2018\/07\/04-2.jpg 1920w, https:\/\/www.drahmetdogan.com\/wp-content\/uploads\/2018\/07\/04-2-300x169.jpg 300w, https:\/\/www.drahmetdogan.com\/wp-content\/uploads\/2018\/07\/04-2-1024x576.jpg 1024w, https:\/\/www.drahmetdogan.com\/wp-content\/uploads\/2018\/07\/04-2-768x432.jpg 768w, https:\/\/www.drahmetdogan.com\/wp-content\/uploads\/2018\/07\/04-2-1536x864.jpg 1536w, https:\/\/www.drahmetdogan.com\/wp-content\/uploads\/2018\/07\/04-2-580x326.jpg 580w, https:\/\/www.drahmetdogan.com\/wp-content\/uploads\/2018\/07\/04-2-860x484.jpg 860w, https:\/\/www.drahmetdogan.com\/wp-content\/uploads\/2018\/07\/04-2-1160x653.jpg 1160w, https:\/\/www.drahmetdogan.com\/wp-content\/uploads\/2018\/07\/04-2-1320x743.jpg 1320w\" sizes=\"auto, (max-width: 1920px) 100vw, 1920px\" \/><\/a><\/figure><\/li><\/ul><\/div>\n<\/div><\/div>\n<\/div>\n<\/div>\n<\/div>\n<\/div>\n<\/div>\n\n","protected":false},"excerpt":{"rendered":"","protected":false},"author":1,"featured_media":0,"parent":0,"menu_order":0,"comment_status":"closed","ping_status":"closed","template":"","meta":{"footnotes":""},"class_list":["post-4829","page","type-page","status-publish","hentry"],"yoast_head":"<!-- This site is optimized with the Yoast SEO plugin v19.13 - https:\/\/yoast.com\/wordpress\/plugins\/seo\/ -->\n<title>Chirurgie Du Pied Et De La Cheville - Prof. Dr. Ahmet Do\u011fan<\/title>\n<meta name=\"robots\" content=\"index, follow, max-snippet:-1, max-image-preview:large, max-video-preview:-1\" \/>\n<link rel=\"canonical\" href=\"https:\/\/www.drahmetdogan.com\/fr\/chirurgie-du-pied-et-de-la-cheville\/\" \/>\n<meta property=\"og:locale\" content=\"fr_FR\" \/>\n<meta property=\"og:type\" content=\"article\" \/>\n<meta property=\"og:title\" content=\"Chirurgie Du Pied Et De La Cheville - Prof. Dr. Ahmet Do\u011fan\" \/>\n<meta property=\"og:url\" content=\"https:\/\/www.drahmetdogan.com\/fr\/chirurgie-du-pied-et-de-la-cheville\/\" \/>\n<meta property=\"og:site_name\" content=\"Prof. Dr. Ahmet Do\u011fan\" \/>\n<meta property=\"article:modified_time\" content=\"2022-12-30T10:12:56+00:00\" \/>\n<meta name=\"twitter:card\" content=\"summary_large_image\" \/>\n<meta name=\"twitter:label1\" content=\"Dur\u00e9e de lecture estim\u00e9e\" \/>\n\t<meta name=\"twitter:data1\" content=\"2 minutes\" \/>\n<script type=\"application\/ld+json\" class=\"yoast-schema-graph\">{\"@context\":\"https:\/\/schema.org\",\"@graph\":[{\"@type\":\"WebPage\",\"@id\":\"https:\/\/www.drahmetdogan.com\/fr\/chirurgie-du-pied-et-de-la-cheville\/\",\"url\":\"https:\/\/www.drahmetdogan.com\/fr\/chirurgie-du-pied-et-de-la-cheville\/\",\"name\":\"Chirurgie Du Pied Et De La Cheville - Prof. Dr. Ahmet Do\u011fan\",\"isPartOf\":{\"@id\":\"https:\/\/www.drahmetdogan.com\/#website\"},\"datePublished\":\"2022-12-28T11:11:50+00:00\",\"dateModified\":\"2022-12-30T10:12:56+00:00\",\"breadcrumb\":{\"@id\":\"https:\/\/www.drahmetdogan.com\/fr\/chirurgie-du-pied-et-de-la-cheville\/#breadcrumb\"},\"inLanguage\":\"fr-FR\",\"potentialAction\":[{\"@type\":\"ReadAction\",\"target\":[\"https:\/\/www.drahmetdogan.com\/fr\/chirurgie-du-pied-et-de-la-cheville\/\"]}]},{\"@type\":\"BreadcrumbList\",\"@id\":\"https:\/\/www.drahmetdogan.com\/fr\/chirurgie-du-pied-et-de-la-cheville\/#breadcrumb\",\"itemListElement\":[{\"@type\":\"ListItem\",\"position\":1,\"name\":\"Anasayfa\",\"item\":\"https:\/\/www.drahmetdogan.com\/fr\/\"},{\"@type\":\"ListItem\",\"position\":2,\"name\":\"Chirurgie Du Pied Et De La Cheville\"}]},{\"@type\":\"WebSite\",\"@id\":\"https:\/\/www.drahmetdogan.com\/#website\",\"url\":\"https:\/\/www.drahmetdogan.com\/\",\"name\":\"Prof. Dr. Ahmet Do\u011fan\",\"description\":\"\",\"publisher\":{\"@id\":\"https:\/\/www.drahmetdogan.com\/#organization\"},\"potentialAction\":[{\"@type\":\"SearchAction\",\"target\":{\"@type\":\"EntryPoint\",\"urlTemplate\":\"https:\/\/www.drahmetdogan.com\/?s={search_term_string}\"},\"query-input\":\"required name=search_term_string\"}],\"inLanguage\":\"fr-FR\"},{\"@type\":\"Organization\",\"@id\":\"https:\/\/www.drahmetdogan.com\/#organization\",\"name\":\"Prof. Dr. Ahmet Do\u011fan\",\"url\":\"https:\/\/www.drahmetdogan.com\/\",\"logo\":{\"@type\":\"ImageObject\",\"inLanguage\":\"fr-FR\",\"@id\":\"https:\/\/www.drahmetdogan.com\/#\/schema\/logo\/image\/\",\"url\":\"https:\/\/www.drahmetdogan.com\/wp-content\/uploads\/2023\/07\/ahmetdogan-favicon.png\",\"contentUrl\":\"https:\/\/www.drahmetdogan.com\/wp-content\/uploads\/2023\/07\/ahmetdogan-favicon.png\",\"width\":512,\"height\":512,\"caption\":\"Prof. Dr. Ahmet Do\u011fan\"},\"image\":{\"@id\":\"https:\/\/www.drahmetdogan.com\/#\/schema\/logo\/image\/\"}}]}<\/script>\n<!-- \/ Yoast SEO plugin. -->","yoast_head_json":{"title":"Chirurgie Du Pied Et De La Cheville - Prof. Dr. Ahmet Do\u011fan","robots":{"index":"index","follow":"follow","max-snippet":"max-snippet:-1","max-image-preview":"max-image-preview:large","max-video-preview":"max-video-preview:-1"},"canonical":"https:\/\/www.drahmetdogan.com\/fr\/chirurgie-du-pied-et-de-la-cheville\/","og_locale":"fr_FR","og_type":"article","og_title":"Chirurgie Du Pied Et De La Cheville - Prof. Dr. Ahmet Do\u011fan","og_url":"https:\/\/www.drahmetdogan.com\/fr\/chirurgie-du-pied-et-de-la-cheville\/","og_site_name":"Prof. Dr. Ahmet Do\u011fan","article_modified_time":"2022-12-30T10:12:56+00:00","twitter_card":"summary_large_image","twitter_misc":{"Dur\u00e9e de lecture estim\u00e9e":"2 minutes"},"schema":{"@context":"https:\/\/schema.org","@graph":[{"@type":"WebPage","@id":"https:\/\/www.drahmetdogan.com\/fr\/chirurgie-du-pied-et-de-la-cheville\/","url":"https:\/\/www.drahmetdogan.com\/fr\/chirurgie-du-pied-et-de-la-cheville\/","name":"Chirurgie Du Pied Et De La Cheville - Prof. Dr. Ahmet Do\u011fan","isPartOf":{"@id":"https:\/\/www.drahmetdogan.com\/#website"},"datePublished":"2022-12-28T11:11:50+00:00","dateModified":"2022-12-30T10:12:56+00:00","breadcrumb":{"@id":"https:\/\/www.drahmetdogan.com\/fr\/chirurgie-du-pied-et-de-la-cheville\/#breadcrumb"},"inLanguage":"fr-FR","potentialAction":[{"@type":"ReadAction","target":["https:\/\/www.drahmetdogan.com\/fr\/chirurgie-du-pied-et-de-la-cheville\/"]}]},{"@type":"BreadcrumbList","@id":"https:\/\/www.drahmetdogan.com\/fr\/chirurgie-du-pied-et-de-la-cheville\/#breadcrumb","itemListElement":[{"@type":"ListItem","position":1,"name":"Anasayfa","item":"https:\/\/www.drahmetdogan.com\/fr\/"},{"@type":"ListItem","position":2,"name":"Chirurgie Du Pied Et De La Cheville"}]},{"@type":"WebSite","@id":"https:\/\/www.drahmetdogan.com\/#website","url":"https:\/\/www.drahmetdogan.com\/","name":"Prof. Dr. Ahmet Do\u011fan","description":"","publisher":{"@id":"https:\/\/www.drahmetdogan.com\/#organization"},"potentialAction":[{"@type":"SearchAction","target":{"@type":"EntryPoint","urlTemplate":"https:\/\/www.drahmetdogan.com\/?s={search_term_string}"},"query-input":"required name=search_term_string"}],"inLanguage":"fr-FR"},{"@type":"Organization","@id":"https:\/\/www.drahmetdogan.com\/#organization","name":"Prof. Dr. Ahmet Do\u011fan","url":"https:\/\/www.drahmetdogan.com\/","logo":{"@type":"ImageObject","inLanguage":"fr-FR","@id":"https:\/\/www.drahmetdogan.com\/#\/schema\/logo\/image\/","url":"https:\/\/www.drahmetdogan.com\/wp-content\/uploads\/2023\/07\/ahmetdogan-favicon.png","contentUrl":"https:\/\/www.drahmetdogan.com\/wp-content\/uploads\/2023\/07\/ahmetdogan-favicon.png","width":512,"height":512,"caption":"Prof. Dr. Ahmet Do\u011fan"},"image":{"@id":"https:\/\/www.drahmetdogan.com\/#\/schema\/logo\/image\/"}}]}},"_links":{"self":[{"href":"https:\/\/www.drahmetdogan.com\/fr\/wp-json\/wp\/v2\/pages\/4829","targetHints":{"allow":["GET"]}}],"collection":[{"href":"https:\/\/www.drahmetdogan.com\/fr\/wp-json\/wp\/v2\/pages"}],"about":[{"href":"https:\/\/www.drahmetdogan.com\/fr\/wp-json\/wp\/v2\/types\/page"}],"author":[{"embeddable":true,"href":"https:\/\/www.drahmetdogan.com\/fr\/wp-json\/wp\/v2\/users\/1"}],"replies":[{"embeddable":true,"href":"https:\/\/www.drahmetdogan.com\/fr\/wp-json\/wp\/v2\/comments?post=4829"}],"version-history":[{"count":2,"href":"https:\/\/www.drahmetdogan.com\/fr\/wp-json\/wp\/v2\/pages\/4829\/revisions"}],"predecessor-version":[{"id":4882,"href":"https:\/\/www.drahmetdogan.com\/fr\/wp-json\/wp\/v2\/pages\/4829\/revisions\/4882"}],"wp:attachment":[{"href":"https:\/\/www.drahmetdogan.com\/fr\/wp-json\/wp\/v2\/media?parent=4829"}],"curies":[{"name":"wp","href":"https:\/\/api.w.org\/{rel}","templated":true}]}}