{"id":4818,"date":"2022-12-28T13:57:25","date_gmt":"2022-12-28T10:57:25","guid":{"rendered":"https:\/\/www.drahmetdogan.com\/?page_id=4818"},"modified":"2022-12-30T15:48:10","modified_gmt":"2022-12-30T12:48:10","slug":"chirurgie-de-la-main","status":"publish","type":"page","link":"https:\/\/www.drahmetdogan.com\/fr\/chirurgie-de-la-main\/","title":{"rendered":"Chirurgie De La Main"},"content":{"rendered":"<div id=\"seasidetms_row_rk4y3pjh9\" class=\"seasidetms_row seasidetms_color_scheme_default seasidetms_row_top_default seasidetms_row_bot_default seasidetms_row_boxed\">\n<div class=\"seasidetms_row_outer_parent\">\n<div class=\"seasidetms_row_outer\">\n<div class=\"seasidetms_row_inner\">\n<div class=\"seasidetms_row_margin\">\n<div id=\"seasidetms_column_wgzol4d0mq\" class=\"seasidetms_column one_half\">\n<div class=\"seasidetms_column_inner\"><div class=\"seasidetms_img  seasidetms_image_n\"><img decoding=\"async\" src=\"https:\/\/www.drahmetdogan.com\/wp-content\/uploads\/2022\/12\/closeup-x-ray-film-fractured-finger-580x403.jpg\" \/><\/div>\n<\/div><\/div>\n<div id=\"seasidetms_column_2cnply9knc\" class=\"seasidetms_column one_half\">\n<div class=\"seasidetms_column_inner\"><div id=\"seasidetms_heading_vo0uep1bw8\" class=\"seasidetms_heading_wrap seasidetms_heading_align_left\">\n\t<h2 class=\"seasidetms_heading\">Chirurgie De La Main<\/h2>\n<\/div><div class=\"seasidetms_text\">\n<p style=\"color: #b0c4f5;\"><strong>Comme en t\u00e9moignent sa grande mobilit\u00e9 et le nombre d&rsquo;articulations, la main est un membre \u00e0 la structure complexe. Cette grande mobilit\u00e9 est due au syst\u00e8me squelettique parfait de la main et aux syst\u00e8mes musculaires et tendineux de ce syst\u00e8me. <\/strong><\/p>\n<p style=\"color: #b0c4f5;\">De plus, la structure qui fournit la flexibilit\u00e9 et la force fonctionnelle de la main est due \u00e0 la parfaite circulation sanguine existante et au r\u00e9seau sans faille du syst\u00e8me nerveux. En plus de ces structures, il existe des formations telles que les bandes de tissu conjonctif (ligaments), le tissu sous-cutan\u00e9, la peau et les ongles, qui sont favorables.<br \/>\nLe service de chirurgie de la main traite les blessures, les pertes et les maladies de tout ce syst\u00e8me, \u00e0 savoir notre main. Les mains, que nous utilisons presque partout dans notre vie quotidienne, sont souvent bless\u00e9es. Si la perte de peau et de tissus mous recouvrant le dessus de la main n&rsquo;est pas trait\u00e9e, les dommages augmentent progressivement et il y a perte de fonction et de sensation. Si les tendons, le r\u00e9seau nerveux, les capsules articulaires, les articulations et les os ne sont pas prot\u00e9g\u00e9s par des traitements appropri\u00e9s, les probl\u00e8mes peuvent s&rsquo;aggraver et atteindre des stades irr\u00e9versibles.<br \/>\nLa gravit\u00e9 et la dur\u00e9e de la blessure aux mains entra\u00eenent une aggravation des dommages. S&rsquo;ils ne sont pas trait\u00e9s avec une intervention appropri\u00e9e en temps opportun, des \u00e9v\u00e9nements tels que l&rsquo;inflammation et la n\u00e9crose augmenteront les l\u00e9sions des tissus mous.<br \/>\nLes maladies syst\u00e9miques ou locales affectant la p\u00e9riode de cicatrisation peuvent entra\u00eener des l\u00e9sions de la main \u00e0 des stades plus graves et une perte de tissu. M\u00eame une simple blessure \u00e0 la main sans complication peut devenir un probl\u00e8me plus difficile pour les personnes atteintes de maladies chroniques, de diab\u00e8te, de fumeurs ou de probl\u00e8mes circulatoires.<\/p>\n<\/div>\n<div id=\"seasidetms_divider_j8mmvfll1g\" class=\"cl\"><\/div>\n<\/div><\/div>\n<\/div>\n<\/div>\n<\/div>\n<\/div>\n<\/div>\n<div id=\"seasidetms_row_z5rn1rf37i\" class=\"seasidetms_row seasidetms_color_scheme_default seasidetms_row_top_default seasidetms_row_bot_default seasidetms_row_boxed\">\n<div class=\"seasidetms_row_outer_parent\">\n<div class=\"seasidetms_row_outer\">\n<div class=\"seasidetms_row_inner\">\n<div class=\"seasidetms_row_margin\">\n<div id=\"seasidetms_column_oagkppgysp\" class=\"seasidetms_column one_half\">\n<div class=\"seasidetms_column_inner\"><div id=\"seasidetms_divider_aci1zhz6f6\" class=\"seasidetms_divider seasidetms_divider_width_long seasidetms_divider_pos_center\"><\/div><div class=\"seasidetms_text\">\n<p><strong> APPROCHE CLINIQUE<\/strong><\/p>\n<p>La premi\u00e8re approche de la main bless\u00e9e consiste \u00e0 d\u00e9marrer les processus de diagnostic et de traitement n\u00e9cessaires en fournissant une h\u00e9mostase (contr\u00f4le appropri\u00e9 du saignement) et en maintenant la main dans une position physiologique sans autre dommage. . Les d\u00e9fauts tissulaires doivent \u00eatre ferm\u00e9s le plus rapidement possible. Main contamin\u00e9e. S&rsquo;il n&rsquo;est pas infect\u00e9 ou tr\u00e8s sale, il doit \u00eatre lav\u00e9 et nettoy\u00e9 uniquement avec une solution saline ou lactate de Ringer. En cas de forte contamination, la main peut \u00eatre nettoy\u00e9e avec des solutions antiseptiques, mais la solution antiseptique doit ensuite \u00eatre retir\u00e9e de la plaie avec du s\u00e9rum physiologique. Les plaies ouvertes pr\u00e9sentant des d\u00e9fauts tissulaires doivent \u00eatre ferm\u00e9es avec une m\u00e9thode adapt\u00e9e au tissu concern\u00e9. Si une m\u00e9thode de fermeture permanente appropri\u00e9e ne peut \u00eatre appliqu\u00e9e, la plaie doit \u00eatre recouverte de pansements synth\u00e9tiques ou biologiques temporaires et les structures expos\u00e9es sous-jacentes doivent \u00eatre prot\u00e9g\u00e9es. Ensuite, une tentative de fermeture permanente est effectu\u00e9e dans des conditions appropri\u00e9es. En chirurgie de la main, la r\u00e9paration des tendons, des nerfs, des vaisseaux et des articulations, la r\u00e9paration des fractures osseuses, la r\u00e9paration post-br\u00fblure et la r\u00e9paration des plaies cutan\u00e9es sont souvent effectu\u00e9es. Le d\u00e9veloppement des technologies m\u00e9dicales et de la chirurgie de la main a consid\u00e9rablement augment\u00e9 l&rsquo;efficacit\u00e9 du traitement en \u00e9liminant la perte de fonction et la d\u00e9ficience visuelle, m\u00eame en cas de blessures graves<\/p>\n<p><strong>Parmi les techniques chirurgicales actuellement utilis\u00e9es figurent :<\/strong><\/p>\n<p><strong>Greffage<\/strong><\/p>\n<p>La greffe de peau, d&rsquo;os, de nerfs ou d&rsquo;autres tissus d&rsquo;une autre partie du corps vers la zone endommag\u00e9e afin de r\u00e9parer la zone endommag\u00e9e est appel\u00e9e greffe.<\/p>\n<p><strong>Chirurgie du lambeau<\/strong><\/p>\n<p>La chirurgie du lambeau est le transfert de la peau d&rsquo;une partie appropri\u00e9e et saine du corps vers la zone endommag\u00e9e avec le tissu adipeux sous-jacent, les vaisseaux sanguins et le tissu musculaire. Dans la plupart des chirurgies de la main r\u00e9alis\u00e9es, la sensation et la fonction perdues peuvent \u00eatre retrouv\u00e9es avec des applications de r\u00e9\u00e9ducation de soutien, bien que cela prenne parfois tr\u00e8s longtemps.<\/p>\n<\/div>\n<\/div><\/div>\n<div id=\"seasidetms_column_shoaklkbqm\" class=\"seasidetms_column one_half\">\n<div class=\"seasidetms_column_inner\"><div id=\"seasidetms_divider_cfg28u7rr\" class=\"seasidetms_divider seasidetms_divider_width_long seasidetms_divider_pos_center\"><\/div><div class=\"seasidetms_text\">\n<p><strong>SYNDROME DU CANAL CARPIEN ET TRAITEMENT<\/strong><\/p>\n<p>C&rsquo;est la condition la plus courante parmi les compressions nerveuses, qui r\u00e9sulte de la compression du nerf m\u00e9dian, qui joue un r\u00f4le important dans le mouvement et la sensation des doigts de la main, dans la r\u00e9gion du poignet. L&rsquo;espace par lequel le nerf m\u00e9dian traverse le poignet s&rsquo;appelle le canal carpien. Une exposition prolong\u00e9e du nerf m\u00e9dian dans le canal carpien provoque le syndrome du canal carpien.<\/p>\n<p><strong>Quels sont les sympt\u00f4mes du syndrome du canal carpien ?<\/strong><\/p>\n<ul>\n<li>Perte de puissance ressentie dans la main<\/li>\n<li>Sensation de fatigue rapide<\/li>\n<li>Sensation de picotement dans les doigts<\/li>\n<li>Engourdissement des doigts<\/li>\n<\/ul>\n<p>La douleur et la somnolence peuvent \u00eatre ressenties \u00e0 un seuil \u00e9lev\u00e9 la nuit, au r\u00e9veil du sommeil. Dans de tels cas, bouger le poignet peut r\u00e9duire la douleur. Dans les cas tr\u00e8s avanc\u00e9s, on observe une fonte des muscles du pouce, entra\u00eenant une faiblesse et une perte de sensation. La perte de sensation dans les doigts peut provoquer des blessures (br\u00fblures, coupures, blessures) aux doigts du patient, car il n&rsquo;y a pas de sensation de douleur et de douleur.<\/p>\n<p><strong>Quel est le traitement du syndrome du canal carpien ?<\/strong><\/p>\n<p>Dans la p\u00e9riode initiale, la limitation de la mobilit\u00e9 du poignet et l&rsquo;utilisation d&rsquo;anti-inflammatoires peuvent r\u00e9duire les plaintes. Dans les cas o\u00f9 l&rsquo;am\u00e9lioration n&rsquo;est pas observ\u00e9e pendant 1 \u00e0 3 mois et se poursuit malgr\u00e9 les pr\u00e9cautions prises, une intervention chirurgicale est n\u00e9cessaire. Le canal carpien est atteint avec une petite incision au point appropri\u00e9 entre la paume et le poignet, et le canal carpien est ouvert en coupant compl\u00e8tement le toit du tunnel. Dans les cas avanc\u00e9s, la neurolyse, c&rsquo;est-\u00e0-dire la lib\u00e9ration nerveuse, est r\u00e9alis\u00e9e au microscope. De cette fa\u00e7on, la pression \u00e0 l&rsquo;origine des plaintes est supprim\u00e9e. Les plaintes ne disparaissent pas imm\u00e9diatement apr\u00e8s la chirurgie. En fait, les plaintes peuvent augmenter car la compression du nerf se poursuivra en raison du gonflement qui se produit apr\u00e8s la chirurgie. Le processus de gu\u00e9rison peut varier entre 3 et 6 mois. Dans certains cas graves et retard\u00e9s, bien que les plaintes puissent diminuer apr\u00e8s l&rsquo;intervention chirurgicale, elles peuvent ne pas gu\u00e9rir compl\u00e8tement. Des facteurs tels que le tabagisme, une alimentation irr\u00e9guli\u00e8re et inappropri\u00e9e et l&rsquo;\u00e2ge avanc\u00e9 affectent n\u00e9gativement les r\u00e9sultats du traitement.<\/p>\n<p><strong>POLYARTHRITE RHUMATO\u00cfDE<\/strong><\/p>\n<p>C&rsquo;est une maladie grave qui limite l&rsquo;apparence et la fonction des mains et d&rsquo;autres parties du corps, et qui peut \u00eatre invalidante. Il d\u00e9forme souvent les jointures, limitant les mouvements et obligeant les doigts \u00e0 rester pli\u00e9s.<\/p>\n<p>Les conditions caus\u00e9es par la polyarthrite rhumato\u00efde peuvent g\u00e9n\u00e9ralement \u00eatre trait\u00e9es sans chirurgie. Les applications de physioth\u00e9rapie appropri\u00e9es \u00e0 appliquer avec des dispositifs sp\u00e9ciaux constituent une m\u00e9thode de traitement efficace. Dans certains cas, la chirurgie est la meilleure solution. La d\u00e9cision de l&rsquo;op\u00e9ration doit \u00eatre prise par la d\u00e9cision conjointe du chirurgien qui effectuera l&rsquo;op\u00e9ration et du sp\u00e9cialiste en rhumatologie. Dans le traitement chirurgical, les tissus sont retir\u00e9s des articulations enflamm\u00e9es, les tendons sont remplac\u00e9s ou des articulations artificielles sont plac\u00e9es. Bien que la main ne puisse pas \u00eatre utilis\u00e9e compl\u00e8tement apr\u00e8s l&rsquo;op\u00e9ration, une am\u00e9lioration significative est observ\u00e9e en termes de fonction et d&rsquo;apparence. Il convient de noter que la chirurgie \u00e0 effectuer ne gu\u00e9rit pas la maladie sous-jacente. La polyarthrite rhumato\u00efde peut continuer \u00e0 causer des dommages et parfois une nouvelle intervention peut \u00eatre n\u00e9cessaire.<\/p>\n<\/div>\n<\/div><\/div>\n<\/div>\n<\/div>\n<\/div>\n<\/div>\n<\/div>\n<div id=\"seasidetms_row_2bv8sqa0pw\" class=\"seasidetms_row seasidetms_color_scheme_default d-none seasidetms_row_top_default seasidetms_row_bot_default seasidetms_row_boxed\">\n<div class=\"seasidetms_row_outer_parent\">\n<div class=\"seasidetms_row_outer\">\n<div class=\"seasidetms_row_inner\">\n<div class=\"seasidetms_row_margin\">\n<div id=\"seasidetms_column_9350o3xsie\" class=\"seasidetms_column one_first\">\n<div class=\"seasidetms_column_inner\"><div id=\"seasidetms_heading_o2he7rw8b\" class=\"seasidetms_heading_wrap seasidetms_heading_align_left\">\n\t<h2 class=\"seasidetms_heading\">Dipl\u00f4mes et certificats<\/h2>\n<\/div><div id=\"seasidetms_heading_d9wh130j0p\" class=\"seasidetms_heading_wrap seasidetms_heading_align_left\">\n\t<h6 class=\"seasidetms_heading\">Sp\u00e9cialisations<\/h6>\n<\/div><div id=\"seasidetms_gallery_6k0ic7smw\" class=\"seasidetms_gallery_wrap\" data-type=\"masonry\" data-count=\"0\"><ul class=\"seasidetms_gallery seasidetms_4 seasidetms_more_items_loader\"><li class=\"seasidetms_gallery_item\"><figure><a href=\"https:\/\/www.drahmetdogan.com\/wp-content\/uploads\/2018\/07\/02-2.jpg\" rel=\"ilightbox[6k0ic7smw]\"><img loading=\"lazy\" decoding=\"async\" width=\"1920\" height=\"1080\" src=\"https:\/\/www.drahmetdogan.com\/wp-content\/uploads\/2018\/07\/02-2.jpg\" class=\"attachment-full size-full\" alt=\"image\" srcset=\"https:\/\/www.drahmetdogan.com\/wp-content\/uploads\/2018\/07\/02-2.jpg 1920w, https:\/\/www.drahmetdogan.com\/wp-content\/uploads\/2018\/07\/02-2-300x169.jpg 300w, https:\/\/www.drahmetdogan.com\/wp-content\/uploads\/2018\/07\/02-2-1024x576.jpg 1024w, https:\/\/www.drahmetdogan.com\/wp-content\/uploads\/2018\/07\/02-2-768x432.jpg 768w, https:\/\/www.drahmetdogan.com\/wp-content\/uploads\/2018\/07\/02-2-1536x864.jpg 1536w, https:\/\/www.drahmetdogan.com\/wp-content\/uploads\/2018\/07\/02-2-580x326.jpg 580w, https:\/\/www.drahmetdogan.com\/wp-content\/uploads\/2018\/07\/02-2-860x484.jpg 860w, https:\/\/www.drahmetdogan.com\/wp-content\/uploads\/2018\/07\/02-2-1160x653.jpg 1160w, https:\/\/www.drahmetdogan.com\/wp-content\/uploads\/2018\/07\/02-2-1320x743.jpg 1320w\" sizes=\"auto, (max-width: 1920px) 100vw, 1920px\" \/><\/a><\/figure><\/li><li class=\"seasidetms_gallery_item\"><figure><a href=\"https:\/\/www.drahmetdogan.com\/wp-content\/uploads\/2018\/07\/03-2.jpg\" rel=\"ilightbox[6k0ic7smw]\"><img loading=\"lazy\" decoding=\"async\" width=\"1920\" height=\"1080\" src=\"https:\/\/www.drahmetdogan.com\/wp-content\/uploads\/2018\/07\/03-2.jpg\" class=\"attachment-full size-full\" alt=\"image\" srcset=\"https:\/\/www.drahmetdogan.com\/wp-content\/uploads\/2018\/07\/03-2.jpg 1920w, https:\/\/www.drahmetdogan.com\/wp-content\/uploads\/2018\/07\/03-2-300x169.jpg 300w, https:\/\/www.drahmetdogan.com\/wp-content\/uploads\/2018\/07\/03-2-1024x576.jpg 1024w, https:\/\/www.drahmetdogan.com\/wp-content\/uploads\/2018\/07\/03-2-768x432.jpg 768w, https:\/\/www.drahmetdogan.com\/wp-content\/uploads\/2018\/07\/03-2-1536x864.jpg 1536w, https:\/\/www.drahmetdogan.com\/wp-content\/uploads\/2018\/07\/03-2-580x326.jpg 580w, https:\/\/www.drahmetdogan.com\/wp-content\/uploads\/2018\/07\/03-2-860x484.jpg 860w, https:\/\/www.drahmetdogan.com\/wp-content\/uploads\/2018\/07\/03-2-1160x653.jpg 1160w, https:\/\/www.drahmetdogan.com\/wp-content\/uploads\/2018\/07\/03-2-1320x743.jpg 1320w\" sizes=\"auto, (max-width: 1920px) 100vw, 1920px\" \/><\/a><\/figure><\/li><li class=\"seasidetms_gallery_item\"><figure><a href=\"https:\/\/www.drahmetdogan.com\/wp-content\/uploads\/2018\/07\/06-2.jpg\" rel=\"ilightbox[6k0ic7smw]\"><img loading=\"lazy\" decoding=\"async\" width=\"1920\" height=\"1080\" src=\"https:\/\/www.drahmetdogan.com\/wp-content\/uploads\/2018\/07\/06-2.jpg\" class=\"attachment-full size-full\" alt=\"image\" srcset=\"https:\/\/www.drahmetdogan.com\/wp-content\/uploads\/2018\/07\/06-2.jpg 1920w, https:\/\/www.drahmetdogan.com\/wp-content\/uploads\/2018\/07\/06-2-300x169.jpg 300w, https:\/\/www.drahmetdogan.com\/wp-content\/uploads\/2018\/07\/06-2-1024x576.jpg 1024w, https:\/\/www.drahmetdogan.com\/wp-content\/uploads\/2018\/07\/06-2-768x432.jpg 768w, https:\/\/www.drahmetdogan.com\/wp-content\/uploads\/2018\/07\/06-2-1536x864.jpg 1536w, https:\/\/www.drahmetdogan.com\/wp-content\/uploads\/2018\/07\/06-2-580x326.jpg 580w, https:\/\/www.drahmetdogan.com\/wp-content\/uploads\/2018\/07\/06-2-860x484.jpg 860w, https:\/\/www.drahmetdogan.com\/wp-content\/uploads\/2018\/07\/06-2-1160x653.jpg 1160w, https:\/\/www.drahmetdogan.com\/wp-content\/uploads\/2018\/07\/06-2-1320x743.jpg 1320w\" sizes=\"auto, (max-width: 1920px) 100vw, 1920px\" \/><\/a><\/figure><\/li><li class=\"seasidetms_gallery_item\"><figure><a href=\"https:\/\/www.drahmetdogan.com\/wp-content\/uploads\/2018\/07\/04-2.jpg\" rel=\"ilightbox[6k0ic7smw]\"><img loading=\"lazy\" decoding=\"async\" width=\"1920\" height=\"1080\" src=\"https:\/\/www.drahmetdogan.com\/wp-content\/uploads\/2018\/07\/04-2.jpg\" class=\"attachment-full size-full\" alt=\"image\" srcset=\"https:\/\/www.drahmetdogan.com\/wp-content\/uploads\/2018\/07\/04-2.jpg 1920w, https:\/\/www.drahmetdogan.com\/wp-content\/uploads\/2018\/07\/04-2-300x169.jpg 300w, https:\/\/www.drahmetdogan.com\/wp-content\/uploads\/2018\/07\/04-2-1024x576.jpg 1024w, https:\/\/www.drahmetdogan.com\/wp-content\/uploads\/2018\/07\/04-2-768x432.jpg 768w, https:\/\/www.drahmetdogan.com\/wp-content\/uploads\/2018\/07\/04-2-1536x864.jpg 1536w, https:\/\/www.drahmetdogan.com\/wp-content\/uploads\/2018\/07\/04-2-580x326.jpg 580w, https:\/\/www.drahmetdogan.com\/wp-content\/uploads\/2018\/07\/04-2-860x484.jpg 860w, https:\/\/www.drahmetdogan.com\/wp-content\/uploads\/2018\/07\/04-2-1160x653.jpg 1160w, https:\/\/www.drahmetdogan.com\/wp-content\/uploads\/2018\/07\/04-2-1320x743.jpg 1320w\" sizes=\"auto, (max-width: 1920px) 100vw, 1920px\" \/><\/a><\/figure><\/li><\/ul><\/div>\n<\/div><\/div>\n<\/div>\n<\/div>\n<\/div>\n<\/div>\n<\/div>\n\n","protected":false},"excerpt":{"rendered":"","protected":false},"author":1,"featured_media":0,"parent":0,"menu_order":0,"comment_status":"closed","ping_status":"closed","template":"","meta":{"footnotes":""},"class_list":["post-4818","page","type-page","status-publish","hentry"],"yoast_head":"<!-- This site is optimized with the Yoast SEO plugin v19.13 - https:\/\/yoast.com\/wordpress\/plugins\/seo\/ -->\n<title>Chirurgie De La Main - Prof. Dr. Ahmet Do\u011fan<\/title>\n<meta name=\"robots\" content=\"index, follow, max-snippet:-1, max-image-preview:large, max-video-preview:-1\" \/>\n<link rel=\"canonical\" href=\"https:\/\/www.drahmetdogan.com\/fr\/chirurgie-de-la-main\/\" \/>\n<meta property=\"og:locale\" content=\"fr_FR\" \/>\n<meta property=\"og:type\" content=\"article\" \/>\n<meta property=\"og:title\" content=\"Chirurgie De La Main - Prof. Dr. Ahmet Do\u011fan\" \/>\n<meta property=\"og:url\" content=\"https:\/\/www.drahmetdogan.com\/fr\/chirurgie-de-la-main\/\" \/>\n<meta property=\"og:site_name\" content=\"Prof. Dr. Ahmet Do\u011fan\" \/>\n<meta property=\"article:modified_time\" content=\"2022-12-30T12:48:10+00:00\" \/>\n<meta name=\"twitter:card\" content=\"summary_large_image\" \/>\n<meta name=\"twitter:label1\" content=\"Dur\u00e9e de lecture estim\u00e9e\" \/>\n\t<meta name=\"twitter:data1\" content=\"2 minutes\" \/>\n<script type=\"application\/ld+json\" class=\"yoast-schema-graph\">{\"@context\":\"https:\/\/schema.org\",\"@graph\":[{\"@type\":\"WebPage\",\"@id\":\"https:\/\/www.drahmetdogan.com\/fr\/chirurgie-de-la-main\/\",\"url\":\"https:\/\/www.drahmetdogan.com\/fr\/chirurgie-de-la-main\/\",\"name\":\"Chirurgie De La Main - Prof. Dr. Ahmet Do\u011fan\",\"isPartOf\":{\"@id\":\"https:\/\/www.drahmetdogan.com\/#website\"},\"datePublished\":\"2022-12-28T10:57:25+00:00\",\"dateModified\":\"2022-12-30T12:48:10+00:00\",\"breadcrumb\":{\"@id\":\"https:\/\/www.drahmetdogan.com\/fr\/chirurgie-de-la-main\/#breadcrumb\"},\"inLanguage\":\"fr-FR\",\"potentialAction\":[{\"@type\":\"ReadAction\",\"target\":[\"https:\/\/www.drahmetdogan.com\/fr\/chirurgie-de-la-main\/\"]}]},{\"@type\":\"BreadcrumbList\",\"@id\":\"https:\/\/www.drahmetdogan.com\/fr\/chirurgie-de-la-main\/#breadcrumb\",\"itemListElement\":[{\"@type\":\"ListItem\",\"position\":1,\"name\":\"Anasayfa\",\"item\":\"https:\/\/www.drahmetdogan.com\/fr\/\"},{\"@type\":\"ListItem\",\"position\":2,\"name\":\"Chirurgie De La Main\"}]},{\"@type\":\"WebSite\",\"@id\":\"https:\/\/www.drahmetdogan.com\/#website\",\"url\":\"https:\/\/www.drahmetdogan.com\/\",\"name\":\"Prof. Dr. Ahmet Do\u011fan\",\"description\":\"\",\"publisher\":{\"@id\":\"https:\/\/www.drahmetdogan.com\/#organization\"},\"potentialAction\":[{\"@type\":\"SearchAction\",\"target\":{\"@type\":\"EntryPoint\",\"urlTemplate\":\"https:\/\/www.drahmetdogan.com\/?s={search_term_string}\"},\"query-input\":\"required name=search_term_string\"}],\"inLanguage\":\"fr-FR\"},{\"@type\":\"Organization\",\"@id\":\"https:\/\/www.drahmetdogan.com\/#organization\",\"name\":\"Prof. Dr. Ahmet Do\u011fan\",\"url\":\"https:\/\/www.drahmetdogan.com\/\",\"logo\":{\"@type\":\"ImageObject\",\"inLanguage\":\"fr-FR\",\"@id\":\"https:\/\/www.drahmetdogan.com\/#\/schema\/logo\/image\/\",\"url\":\"https:\/\/www.drahmetdogan.com\/wp-content\/uploads\/2023\/07\/ahmetdogan-favicon.png\",\"contentUrl\":\"https:\/\/www.drahmetdogan.com\/wp-content\/uploads\/2023\/07\/ahmetdogan-favicon.png\",\"width\":512,\"height\":512,\"caption\":\"Prof. Dr. Ahmet Do\u011fan\"},\"image\":{\"@id\":\"https:\/\/www.drahmetdogan.com\/#\/schema\/logo\/image\/\"}}]}<\/script>\n<!-- \/ Yoast SEO plugin. -->","yoast_head_json":{"title":"Chirurgie De La Main - Prof. Dr. Ahmet Do\u011fan","robots":{"index":"index","follow":"follow","max-snippet":"max-snippet:-1","max-image-preview":"max-image-preview:large","max-video-preview":"max-video-preview:-1"},"canonical":"https:\/\/www.drahmetdogan.com\/fr\/chirurgie-de-la-main\/","og_locale":"fr_FR","og_type":"article","og_title":"Chirurgie De La Main - Prof. Dr. Ahmet Do\u011fan","og_url":"https:\/\/www.drahmetdogan.com\/fr\/chirurgie-de-la-main\/","og_site_name":"Prof. Dr. Ahmet Do\u011fan","article_modified_time":"2022-12-30T12:48:10+00:00","twitter_card":"summary_large_image","twitter_misc":{"Dur\u00e9e de lecture estim\u00e9e":"2 minutes"},"schema":{"@context":"https:\/\/schema.org","@graph":[{"@type":"WebPage","@id":"https:\/\/www.drahmetdogan.com\/fr\/chirurgie-de-la-main\/","url":"https:\/\/www.drahmetdogan.com\/fr\/chirurgie-de-la-main\/","name":"Chirurgie De La Main - Prof. Dr. Ahmet Do\u011fan","isPartOf":{"@id":"https:\/\/www.drahmetdogan.com\/#website"},"datePublished":"2022-12-28T10:57:25+00:00","dateModified":"2022-12-30T12:48:10+00:00","breadcrumb":{"@id":"https:\/\/www.drahmetdogan.com\/fr\/chirurgie-de-la-main\/#breadcrumb"},"inLanguage":"fr-FR","potentialAction":[{"@type":"ReadAction","target":["https:\/\/www.drahmetdogan.com\/fr\/chirurgie-de-la-main\/"]}]},{"@type":"BreadcrumbList","@id":"https:\/\/www.drahmetdogan.com\/fr\/chirurgie-de-la-main\/#breadcrumb","itemListElement":[{"@type":"ListItem","position":1,"name":"Anasayfa","item":"https:\/\/www.drahmetdogan.com\/fr\/"},{"@type":"ListItem","position":2,"name":"Chirurgie De La Main"}]},{"@type":"WebSite","@id":"https:\/\/www.drahmetdogan.com\/#website","url":"https:\/\/www.drahmetdogan.com\/","name":"Prof. Dr. Ahmet Do\u011fan","description":"","publisher":{"@id":"https:\/\/www.drahmetdogan.com\/#organization"},"potentialAction":[{"@type":"SearchAction","target":{"@type":"EntryPoint","urlTemplate":"https:\/\/www.drahmetdogan.com\/?s={search_term_string}"},"query-input":"required name=search_term_string"}],"inLanguage":"fr-FR"},{"@type":"Organization","@id":"https:\/\/www.drahmetdogan.com\/#organization","name":"Prof. Dr. Ahmet Do\u011fan","url":"https:\/\/www.drahmetdogan.com\/","logo":{"@type":"ImageObject","inLanguage":"fr-FR","@id":"https:\/\/www.drahmetdogan.com\/#\/schema\/logo\/image\/","url":"https:\/\/www.drahmetdogan.com\/wp-content\/uploads\/2023\/07\/ahmetdogan-favicon.png","contentUrl":"https:\/\/www.drahmetdogan.com\/wp-content\/uploads\/2023\/07\/ahmetdogan-favicon.png","width":512,"height":512,"caption":"Prof. Dr. Ahmet Do\u011fan"},"image":{"@id":"https:\/\/www.drahmetdogan.com\/#\/schema\/logo\/image\/"}}]}},"_links":{"self":[{"href":"https:\/\/www.drahmetdogan.com\/fr\/wp-json\/wp\/v2\/pages\/4818","targetHints":{"allow":["GET"]}}],"collection":[{"href":"https:\/\/www.drahmetdogan.com\/fr\/wp-json\/wp\/v2\/pages"}],"about":[{"href":"https:\/\/www.drahmetdogan.com\/fr\/wp-json\/wp\/v2\/types\/page"}],"author":[{"embeddable":true,"href":"https:\/\/www.drahmetdogan.com\/fr\/wp-json\/wp\/v2\/users\/1"}],"replies":[{"embeddable":true,"href":"https:\/\/www.drahmetdogan.com\/fr\/wp-json\/wp\/v2\/comments?post=4818"}],"version-history":[{"count":1,"href":"https:\/\/www.drahmetdogan.com\/fr\/wp-json\/wp\/v2\/pages\/4818\/revisions"}],"predecessor-version":[{"id":4885,"href":"https:\/\/www.drahmetdogan.com\/fr\/wp-json\/wp\/v2\/pages\/4818\/revisions\/4885"}],"wp:attachment":[{"href":"https:\/\/www.drahmetdogan.com\/fr\/wp-json\/wp\/v2\/media?parent=4818"}],"curies":[{"name":"wp","href":"https:\/\/api.w.org\/{rel}","templated":true}]}}