{"id":4812,"date":"2022-12-28T13:14:11","date_gmt":"2022-12-28T10:14:11","guid":{"rendered":"https:\/\/www.drahmetdogan.com\/?page_id=4812"},"modified":"2022-12-30T16:00:40","modified_gmt":"2022-12-30T13:00:40","slug":"chirurgie-prothetique","status":"publish","type":"page","link":"https:\/\/www.drahmetdogan.com\/fr\/chirurgie-prothetique\/","title":{"rendered":"Chirurgie Proth\u00e9tique"},"content":{"rendered":"<div id=\"seasidetms_row_rk4y3pjh9\" class=\"seasidetms_row seasidetms_color_scheme_default seasidetms_row_top_default seasidetms_row_bot_default seasidetms_row_boxed\">\n<div class=\"seasidetms_row_outer_parent\">\n<div class=\"seasidetms_row_outer\">\n<div class=\"seasidetms_row_inner\">\n<div class=\"seasidetms_row_margin\">\n<div id=\"seasidetms_column_wgzol4d0mq\" class=\"seasidetms_column one_half\">\n<div class=\"seasidetms_column_inner\"><div class=\"seasidetms_img  seasidetms_image_n\"><img decoding=\"async\" src=\"https:\/\/www.drahmetdogan.com\/wp-content\/uploads\/2022\/12\/back-view-man-with-mechanical-leg-sunny-day-sportsman-black-shorts-white-sneakers-photographed-during-training-sport-disability-hobby-concept-580x387.jpg\" \/><\/div>\n<\/div><\/div>\n<div id=\"seasidetms_column_2cnply9knc\" class=\"seasidetms_column one_half\">\n<div class=\"seasidetms_column_inner\"><div id=\"seasidetms_heading_vo0uep1bw8\" class=\"seasidetms_heading_wrap seasidetms_heading_align_left\">\n\t<h2 class=\"seasidetms_heading\">Chirurgie Proth\u00e9tique<\/h2>\n<\/div><div class=\"seasidetms_text\">\n<p style=\"color: #b0c4f5;\"><strong>Proth\u00e8se; traumatisme, tumeur, etc. C&rsquo;est le nom g\u00e9n\u00e9ral des ayts d\u00e9velopp\u00e9s pour imiter ces membres au lieu de parties du corps perdues pour diverses raisons.<\/strong><\/p>\n<p style=\"color: #b0c4f5;\">Il peut \u00eatre n\u00e9cessaire de retirer l&rsquo;organe endommag\u00e9 du corps afin de prot\u00e9ger la sant\u00e9 du corps apr\u00e8s un traumatisme, des formations tumorales, une gangr\u00e8ne et des situations similaires. Dans de tels cas, les proth\u00e8ses qui imitent la forme et la fonction de l&rsquo;organe retir\u00e9 sont remplac\u00e9es par des m\u00e9thodes, des outils et des mat\u00e9riaux appropri\u00e9s.<\/p>\n<p><strong><span style=\"color: #b0c4f5;\">Qu&rsquo;est-ce qu&rsquo;une articulation ?<\/span><\/strong><\/p>\n<p><span style=\"color: #b0c4f5;\">Ce sont des structures sp\u00e9ciales qui combinent deux ou plusieurs extr\u00e9mit\u00e9s osseuses dans une structure mobile. Par exemple, l&rsquo;articulation du genou est la structure qui relie l&rsquo;extr\u00e9mit\u00e9 inf\u00e9rieure de l&rsquo;os de la cuisse (f\u00e9mur) et l&rsquo;extr\u00e9mit\u00e9 sup\u00e9rieure du tibia (tibia).<\/span><br \/>\n<span style=\"color: #b0c4f5;\">Les extr\u00e9mit\u00e9s des os formant l&rsquo;articulation sont entour\u00e9es d&rsquo;une structure cartilagineuse souple, glissante et \u00e9lastique. Cette structure r\u00e9siste \u00e0 la charge et \u00e0 la pression, permettant \u00e0 l&rsquo;articulation de bouger facilement et sans douleur.<\/span><\/p>\n<p><span style=\"color: #b0c4f5;\">La p\u00e9riph\u00e9rie de l&rsquo;articulation est recouverte d&rsquo;une capsule et l&rsquo;int\u00e9rieur est recouvert d&rsquo;une membrane appel\u00e9e synovie. La membrane synoviale bpki est responsable de la production de sna articulaire, qui agit comme un lubrifiant. Le liquide articulaire r\u00e9duit la friction et l&rsquo;usure et nourrit le cartilage.<\/span><\/p>\n<p><strong><span style=\"color: #b0c4f5;\">Qu&rsquo;est-ce que le m\u00e9nisque ?<\/span><\/strong><\/p>\n<p><span style=\"color: #b0c4f5;\">Dans l&rsquo;articulation du genou, en plus d&rsquo;autres structures articulaires, il existe un cartilage \u00e9lastique appel\u00e9 m\u00e9nisque en forme de croissant \u00e0 l&rsquo;int\u00e9rieur et \u00e0 l&rsquo;ext\u00e9rieur.<\/span><br \/>\n<span style=\"color: #b0c4f5;\">Les m\u00e9nisques amortissent les impacts, tout comme un amortisseur, renforcent l&rsquo;articulation et facilitent le mouvement avec le liquide articulaire.<\/span><br \/>\n<span style=\"color: #b0c4f5;\">Les os oppos\u00e9s deviennent plus forts avec des tissus conjonctifs en plus de ces structures de tissus mous. Les tendons traversant les articulations assurent \u00e0 la fois la stabilit\u00e9 et un mouvement confortable \u00e0 travers les muscles. Toute cette structure garantit que le syst\u00e8me de mouvement de tout le corps fonctionne comme une machine qui fonctionne pendant des ann\u00e9es sans s&rsquo;user.<\/span><\/p>\n<\/div>\n<div id=\"seasidetms_divider_j8mmvfll1g\" class=\"cl\"><\/div>\n<\/div><\/div>\n<\/div>\n<\/div>\n<\/div>\n<\/div>\n<\/div>\n<div id=\"seasidetms_row_ssox3zq5xe\" class=\"seasidetms_row seasidetms_color_scheme_default seasidetms_row_top_default seasidetms_row_bot_default seasidetms_row_boxed\">\n<div class=\"seasidetms_row_outer_parent\">\n<div class=\"seasidetms_row_outer\">\n<div class=\"seasidetms_row_inner\">\n<div class=\"seasidetms_row_margin\">\n<div id=\"seasidetms_column_f3zqqfb3nb\" class=\"seasidetms_column one_half\">\n<div class=\"seasidetms_column_inner\"><div id=\"seasidetms_divider_0yqwqfv2r\" class=\"seasidetms_divider seasidetms_divider_width_long seasidetms_divider_pos_center\"><\/div><div class=\"seasidetms_text\">\n<p><strong>Total des op\u00e9rations de remplacement articulaire<\/strong><br \/>\nLes op\u00e9rations de remplacement articulaire total reposent sur la mise en place de divers mat\u00e9riaux m\u00e9talliques, poly\u00e9thyl\u00e8nes et rev\u00eatus de c\u00e9ramique \u00e0 la place d&rsquo;organes suffisamment d\u00e9vast\u00e9s pour perdre leur fonction et\/ou pr\u00e9senter des probl\u00e8mes susceptibles de nuire au reste du corps.<br \/>\nAlors que plus de 150 000 articulations sont remplac\u00e9es par des proth\u00e8ses chaque ann\u00e9e aux \u00c9tats-Unis, c&rsquo;est environ 20 000 \u00e0 25 000 dans notre pays.<\/p>\n<p><strong>Pourquoi la proth\u00e8se articulaire totale est-elle n\u00e9cessaire ?<\/strong><br \/>\nLes l\u00e9sions du cartilage et les d\u00e9formations qui se produisent dans les articulations pour diff\u00e9rentes raisons provoquent des douleurs, des difficult\u00e9s de mouvement et des perturbations chez la personne. Par cons\u00e9quent, les surfaces de joint doivent \u00eatre r\u00e9habilit\u00e9es et remplac\u00e9es.<\/p>\n<p><strong>Les principales causes de l\u00e9sions du cartilage (arthrite d\u00e9g\u00e9n\u00e9rative) dans les articulations sont ;<\/strong><\/p>\n<ul>\n<li>Traitements de luxation de fracture d\u00e9fectueux<\/li>\n<li>Anomalies cong\u00e9nitales<\/li>\n<li>Infections<\/li>\n<li>Maladies osseuses m\u00e9taboliques<\/li>\n<li>Courbures des articulations portantes<\/li>\n<li>L\u00e9sions du m\u00e9nisque, des ligaments et de la capsule<\/li>\n<li>Perturbation de la circulation osseuse et cartilagineuse (N\u00e9crose Avasculaire)<\/li>\n<li>Tumeurs<\/li>\n<li>Surpoids et ob\u00e9sit\u00e9<\/li>\n<li>Maladies rhumatismales<\/li>\n<li>Situations d\u00e9raisonnables<\/li>\n<\/ul>\n<\/div>\n<\/div><\/div>\n<div id=\"seasidetms_column_nz2x170afa\" class=\"seasidetms_column one_half\">\n<div class=\"seasidetms_column_inner\"><div id=\"seasidetms_divider_akwhvvizw\" class=\"seasidetms_divider seasidetms_divider_width_long seasidetms_divider_pos_center\"><\/div><div class=\"seasidetms_text\">\n<p><strong>Quel est le temps de r\u00e9cup\u00e9ration d&rsquo;une proth\u00e8se articulaire totale?<\/strong><br \/>\nEn g\u00e9n\u00e9ral, bien que les patients deviennent actifs peu de temps apr\u00e8s l&rsquo;op\u00e9ration, la dur\u00e9e peut varier d&rsquo;un patient \u00e0 l&rsquo;autre et d&rsquo;un cas \u00e0 l&rsquo;autre.<br \/>\nApr\u00e8s les proth\u00e8ses totales de hanche et de genou, le patient peut se lever le deuxi\u00e8me jour et marcher avec appui puis sans appui apr\u00e8s quelques jours.<br \/>\nLes articulations non porteuses telles que l&rsquo;\u00e9paule, le coude, le poignet et l&rsquo;articulation des doigts peuvent commencer \u00e0 bouger imm\u00e9diatement apr\u00e8s la chirurgie avec un soutien \u00e0 la r\u00e9\u00e9ducation. Le but de la r\u00e9\u00e9ducation est de re-renforcer les muscles affaiblis pendant le traitement.<\/p>\n<p><strong>Quels sont les risques d&rsquo;une proth\u00e8se articulaire totale ?<\/strong><br \/>\nLe risque associ\u00e9 \u00e0 une arthroplastie totale n&rsquo;est pas diff\u00e9rent des autres interventions chirurgicales. L&rsquo;\u00e9valuation du chirurgien g\u00e9n\u00e9raliste et de l&rsquo;anesth\u00e9siste avant l&rsquo;op\u00e9ration \u00e9clairera le processus.<\/p>\n<p><strong>Quelles complications peuvent survenir ?<\/strong><br \/>\nLa complication la plus importante que l&rsquo;on puisse rencontrer est l&rsquo;infection. L&rsquo;infection peut survenir avant ou apr\u00e8s la sortie. Les infections superficielles peuvent \u00eatre r\u00e9solues avec des traitements antibiotiques appropri\u00e9s. Les infections profondes peuvent s&rsquo;\u00e9tendre jusqu&rsquo;au retrait de la proth\u00e8se. L&rsquo;infection qui en r\u00e9sulte peut \u00e9galement se propager \u00e0 diff\u00e9rentes parties du corps par le sang. Pour cette raison, des maladies telles que la sinusite, les infections des voies urinaires, les infections dentaires doivent \u00eatre trait\u00e9es avant l&rsquo;op\u00e9ration et les processus de traitement pr\u00e9ventif doivent \u00eatre lanc\u00e9s. L&rsquo;ad\u00e9quation de la technique chirurgicale est \u00e9galement une des causes de complications. La st\u00e9rilisation g\u00e9n\u00e9rale des \u00e9tablissements de sant\u00e9 et les conditions des salles d&rsquo;op\u00e9ration sont tr\u00e8s importantes en termes de complications.<\/p>\n<p>Des complications peuvent \u00e9galement survenir pour des raisons li\u00e9es \u00e0 la proth\u00e8se mise en place.<\/p>\n<\/div>\n<\/div><\/div>\n<\/div>\n<\/div>\n<\/div>\n<\/div>\n<\/div>\n<div id=\"seasidetms_row_2bv8sqa0pw\" class=\"seasidetms_row seasidetms_color_scheme_default d-none seasidetms_row_top_default seasidetms_row_bot_default seasidetms_row_boxed\">\n<div class=\"seasidetms_row_outer_parent\">\n<div class=\"seasidetms_row_outer\">\n<div class=\"seasidetms_row_inner\">\n<div class=\"seasidetms_row_margin\">\n<div id=\"seasidetms_column_9350o3xsie\" class=\"seasidetms_column one_first\">\n<div class=\"seasidetms_column_inner\"><div id=\"seasidetms_heading_o2he7rw8b\" class=\"seasidetms_heading_wrap seasidetms_heading_align_left\">\n\t<h2 class=\"seasidetms_heading\">Dipl\u00f4mes et certificats<\/h2>\n<\/div><div id=\"seasidetms_heading_d9wh130j0p\" class=\"seasidetms_heading_wrap seasidetms_heading_align_left\">\n\t<h6 class=\"seasidetms_heading\">Sp\u00e9cialisations<\/h6>\n<\/div><div id=\"seasidetms_gallery_6k0ic7smw\" class=\"seasidetms_gallery_wrap\" data-type=\"masonry\" data-count=\"0\"><ul class=\"seasidetms_gallery seasidetms_4 seasidetms_more_items_loader\"><li class=\"seasidetms_gallery_item\"><figure><a href=\"https:\/\/www.drahmetdogan.com\/wp-content\/uploads\/2018\/07\/02-2.jpg\" rel=\"ilightbox[6k0ic7smw]\"><img loading=\"lazy\" decoding=\"async\" width=\"1920\" height=\"1080\" src=\"https:\/\/www.drahmetdogan.com\/wp-content\/uploads\/2018\/07\/02-2.jpg\" class=\"attachment-full size-full\" alt=\"image\" srcset=\"https:\/\/www.drahmetdogan.com\/wp-content\/uploads\/2018\/07\/02-2.jpg 1920w, https:\/\/www.drahmetdogan.com\/wp-content\/uploads\/2018\/07\/02-2-300x169.jpg 300w, https:\/\/www.drahmetdogan.com\/wp-content\/uploads\/2018\/07\/02-2-1024x576.jpg 1024w, https:\/\/www.drahmetdogan.com\/wp-content\/uploads\/2018\/07\/02-2-768x432.jpg 768w, https:\/\/www.drahmetdogan.com\/wp-content\/uploads\/2018\/07\/02-2-1536x864.jpg 1536w, https:\/\/www.drahmetdogan.com\/wp-content\/uploads\/2018\/07\/02-2-580x326.jpg 580w, https:\/\/www.drahmetdogan.com\/wp-content\/uploads\/2018\/07\/02-2-860x484.jpg 860w, https:\/\/www.drahmetdogan.com\/wp-content\/uploads\/2018\/07\/02-2-1160x653.jpg 1160w, https:\/\/www.drahmetdogan.com\/wp-content\/uploads\/2018\/07\/02-2-1320x743.jpg 1320w\" sizes=\"auto, (max-width: 1920px) 100vw, 1920px\" \/><\/a><\/figure><\/li><li class=\"seasidetms_gallery_item\"><figure><a href=\"https:\/\/www.drahmetdogan.com\/wp-content\/uploads\/2018\/07\/03-2.jpg\" rel=\"ilightbox[6k0ic7smw]\"><img loading=\"lazy\" decoding=\"async\" width=\"1920\" height=\"1080\" src=\"https:\/\/www.drahmetdogan.com\/wp-content\/uploads\/2018\/07\/03-2.jpg\" class=\"attachment-full size-full\" alt=\"image\" srcset=\"https:\/\/www.drahmetdogan.com\/wp-content\/uploads\/2018\/07\/03-2.jpg 1920w, https:\/\/www.drahmetdogan.com\/wp-content\/uploads\/2018\/07\/03-2-300x169.jpg 300w, https:\/\/www.drahmetdogan.com\/wp-content\/uploads\/2018\/07\/03-2-1024x576.jpg 1024w, https:\/\/www.drahmetdogan.com\/wp-content\/uploads\/2018\/07\/03-2-768x432.jpg 768w, https:\/\/www.drahmetdogan.com\/wp-content\/uploads\/2018\/07\/03-2-1536x864.jpg 1536w, https:\/\/www.drahmetdogan.com\/wp-content\/uploads\/2018\/07\/03-2-580x326.jpg 580w, https:\/\/www.drahmetdogan.com\/wp-content\/uploads\/2018\/07\/03-2-860x484.jpg 860w, https:\/\/www.drahmetdogan.com\/wp-content\/uploads\/2018\/07\/03-2-1160x653.jpg 1160w, https:\/\/www.drahmetdogan.com\/wp-content\/uploads\/2018\/07\/03-2-1320x743.jpg 1320w\" sizes=\"auto, (max-width: 1920px) 100vw, 1920px\" \/><\/a><\/figure><\/li><li class=\"seasidetms_gallery_item\"><figure><a href=\"https:\/\/www.drahmetdogan.com\/wp-content\/uploads\/2018\/07\/06-2.jpg\" rel=\"ilightbox[6k0ic7smw]\"><img loading=\"lazy\" decoding=\"async\" width=\"1920\" height=\"1080\" src=\"https:\/\/www.drahmetdogan.com\/wp-content\/uploads\/2018\/07\/06-2.jpg\" class=\"attachment-full size-full\" alt=\"image\" srcset=\"https:\/\/www.drahmetdogan.com\/wp-content\/uploads\/2018\/07\/06-2.jpg 1920w, https:\/\/www.drahmetdogan.com\/wp-content\/uploads\/2018\/07\/06-2-300x169.jpg 300w, https:\/\/www.drahmetdogan.com\/wp-content\/uploads\/2018\/07\/06-2-1024x576.jpg 1024w, https:\/\/www.drahmetdogan.com\/wp-content\/uploads\/2018\/07\/06-2-768x432.jpg 768w, https:\/\/www.drahmetdogan.com\/wp-content\/uploads\/2018\/07\/06-2-1536x864.jpg 1536w, https:\/\/www.drahmetdogan.com\/wp-content\/uploads\/2018\/07\/06-2-580x326.jpg 580w, https:\/\/www.drahmetdogan.com\/wp-content\/uploads\/2018\/07\/06-2-860x484.jpg 860w, https:\/\/www.drahmetdogan.com\/wp-content\/uploads\/2018\/07\/06-2-1160x653.jpg 1160w, https:\/\/www.drahmetdogan.com\/wp-content\/uploads\/2018\/07\/06-2-1320x743.jpg 1320w\" sizes=\"auto, (max-width: 1920px) 100vw, 1920px\" \/><\/a><\/figure><\/li><li class=\"seasidetms_gallery_item\"><figure><a href=\"https:\/\/www.drahmetdogan.com\/wp-content\/uploads\/2018\/07\/04-2.jpg\" rel=\"ilightbox[6k0ic7smw]\"><img loading=\"lazy\" decoding=\"async\" width=\"1920\" height=\"1080\" src=\"https:\/\/www.drahmetdogan.com\/wp-content\/uploads\/2018\/07\/04-2.jpg\" class=\"attachment-full size-full\" alt=\"image\" srcset=\"https:\/\/www.drahmetdogan.com\/wp-content\/uploads\/2018\/07\/04-2.jpg 1920w, https:\/\/www.drahmetdogan.com\/wp-content\/uploads\/2018\/07\/04-2-300x169.jpg 300w, https:\/\/www.drahmetdogan.com\/wp-content\/uploads\/2018\/07\/04-2-1024x576.jpg 1024w, https:\/\/www.drahmetdogan.com\/wp-content\/uploads\/2018\/07\/04-2-768x432.jpg 768w, https:\/\/www.drahmetdogan.com\/wp-content\/uploads\/2018\/07\/04-2-1536x864.jpg 1536w, https:\/\/www.drahmetdogan.com\/wp-content\/uploads\/2018\/07\/04-2-580x326.jpg 580w, https:\/\/www.drahmetdogan.com\/wp-content\/uploads\/2018\/07\/04-2-860x484.jpg 860w, https:\/\/www.drahmetdogan.com\/wp-content\/uploads\/2018\/07\/04-2-1160x653.jpg 1160w, https:\/\/www.drahmetdogan.com\/wp-content\/uploads\/2018\/07\/04-2-1320x743.jpg 1320w\" sizes=\"auto, (max-width: 1920px) 100vw, 1920px\" \/><\/a><\/figure><\/li><\/ul><\/div>\n<\/div><\/div>\n<\/div>\n<\/div>\n<\/div>\n<\/div>\n<\/div>\n\n","protected":false},"excerpt":{"rendered":"","protected":false},"author":1,"featured_media":0,"parent":0,"menu_order":0,"comment_status":"closed","ping_status":"closed","template":"","meta":{"footnotes":""},"class_list":["post-4812","page","type-page","status-publish","hentry"],"yoast_head":"<!-- This site is optimized with the Yoast SEO plugin v19.13 - https:\/\/yoast.com\/wordpress\/plugins\/seo\/ -->\n<title>Chirurgie Proth\u00e9tique - Prof. Dr. Ahmet Do\u011fan<\/title>\n<meta name=\"robots\" content=\"index, follow, max-snippet:-1, max-image-preview:large, max-video-preview:-1\" \/>\n<link rel=\"canonical\" href=\"https:\/\/www.drahmetdogan.com\/fr\/chirurgie-prothetique\/\" \/>\n<meta property=\"og:locale\" content=\"fr_FR\" \/>\n<meta property=\"og:type\" content=\"article\" \/>\n<meta property=\"og:title\" content=\"Chirurgie Proth\u00e9tique - Prof. Dr. Ahmet Do\u011fan\" \/>\n<meta property=\"og:url\" content=\"https:\/\/www.drahmetdogan.com\/fr\/chirurgie-prothetique\/\" \/>\n<meta property=\"og:site_name\" content=\"Prof. Dr. Ahmet Do\u011fan\" \/>\n<meta property=\"article:modified_time\" content=\"2022-12-30T13:00:40+00:00\" \/>\n<meta name=\"twitter:card\" content=\"summary_large_image\" \/>\n<meta name=\"twitter:label1\" content=\"Dur\u00e9e de lecture estim\u00e9e\" \/>\n\t<meta name=\"twitter:data1\" content=\"2 minutes\" \/>\n<script type=\"application\/ld+json\" class=\"yoast-schema-graph\">{\"@context\":\"https:\/\/schema.org\",\"@graph\":[{\"@type\":\"WebPage\",\"@id\":\"https:\/\/www.drahmetdogan.com\/fr\/chirurgie-prothetique\/\",\"url\":\"https:\/\/www.drahmetdogan.com\/fr\/chirurgie-prothetique\/\",\"name\":\"Chirurgie Proth\u00e9tique - Prof. Dr. Ahmet Do\u011fan\",\"isPartOf\":{\"@id\":\"https:\/\/www.drahmetdogan.com\/#website\"},\"datePublished\":\"2022-12-28T10:14:11+00:00\",\"dateModified\":\"2022-12-30T13:00:40+00:00\",\"breadcrumb\":{\"@id\":\"https:\/\/www.drahmetdogan.com\/fr\/chirurgie-prothetique\/#breadcrumb\"},\"inLanguage\":\"fr-FR\",\"potentialAction\":[{\"@type\":\"ReadAction\",\"target\":[\"https:\/\/www.drahmetdogan.com\/fr\/chirurgie-prothetique\/\"]}]},{\"@type\":\"BreadcrumbList\",\"@id\":\"https:\/\/www.drahmetdogan.com\/fr\/chirurgie-prothetique\/#breadcrumb\",\"itemListElement\":[{\"@type\":\"ListItem\",\"position\":1,\"name\":\"Anasayfa\",\"item\":\"https:\/\/www.drahmetdogan.com\/fr\/\"},{\"@type\":\"ListItem\",\"position\":2,\"name\":\"Chirurgie Proth\u00e9tique\"}]},{\"@type\":\"WebSite\",\"@id\":\"https:\/\/www.drahmetdogan.com\/#website\",\"url\":\"https:\/\/www.drahmetdogan.com\/\",\"name\":\"Prof. Dr. Ahmet Do\u011fan\",\"description\":\"\",\"publisher\":{\"@id\":\"https:\/\/www.drahmetdogan.com\/#organization\"},\"potentialAction\":[{\"@type\":\"SearchAction\",\"target\":{\"@type\":\"EntryPoint\",\"urlTemplate\":\"https:\/\/www.drahmetdogan.com\/?s={search_term_string}\"},\"query-input\":\"required name=search_term_string\"}],\"inLanguage\":\"fr-FR\"},{\"@type\":\"Organization\",\"@id\":\"https:\/\/www.drahmetdogan.com\/#organization\",\"name\":\"Prof. Dr. Ahmet Do\u011fan\",\"url\":\"https:\/\/www.drahmetdogan.com\/\",\"logo\":{\"@type\":\"ImageObject\",\"inLanguage\":\"fr-FR\",\"@id\":\"https:\/\/www.drahmetdogan.com\/#\/schema\/logo\/image\/\",\"url\":\"https:\/\/www.drahmetdogan.com\/wp-content\/uploads\/2023\/07\/ahmetdogan-favicon.png\",\"contentUrl\":\"https:\/\/www.drahmetdogan.com\/wp-content\/uploads\/2023\/07\/ahmetdogan-favicon.png\",\"width\":512,\"height\":512,\"caption\":\"Prof. Dr. Ahmet Do\u011fan\"},\"image\":{\"@id\":\"https:\/\/www.drahmetdogan.com\/#\/schema\/logo\/image\/\"}}]}<\/script>\n<!-- \/ Yoast SEO plugin. -->","yoast_head_json":{"title":"Chirurgie Proth\u00e9tique - Prof. Dr. Ahmet Do\u011fan","robots":{"index":"index","follow":"follow","max-snippet":"max-snippet:-1","max-image-preview":"max-image-preview:large","max-video-preview":"max-video-preview:-1"},"canonical":"https:\/\/www.drahmetdogan.com\/fr\/chirurgie-prothetique\/","og_locale":"fr_FR","og_type":"article","og_title":"Chirurgie Proth\u00e9tique - Prof. Dr. Ahmet Do\u011fan","og_url":"https:\/\/www.drahmetdogan.com\/fr\/chirurgie-prothetique\/","og_site_name":"Prof. Dr. Ahmet Do\u011fan","article_modified_time":"2022-12-30T13:00:40+00:00","twitter_card":"summary_large_image","twitter_misc":{"Dur\u00e9e de lecture estim\u00e9e":"2 minutes"},"schema":{"@context":"https:\/\/schema.org","@graph":[{"@type":"WebPage","@id":"https:\/\/www.drahmetdogan.com\/fr\/chirurgie-prothetique\/","url":"https:\/\/www.drahmetdogan.com\/fr\/chirurgie-prothetique\/","name":"Chirurgie Proth\u00e9tique - Prof. Dr. Ahmet Do\u011fan","isPartOf":{"@id":"https:\/\/www.drahmetdogan.com\/#website"},"datePublished":"2022-12-28T10:14:11+00:00","dateModified":"2022-12-30T13:00:40+00:00","breadcrumb":{"@id":"https:\/\/www.drahmetdogan.com\/fr\/chirurgie-prothetique\/#breadcrumb"},"inLanguage":"fr-FR","potentialAction":[{"@type":"ReadAction","target":["https:\/\/www.drahmetdogan.com\/fr\/chirurgie-prothetique\/"]}]},{"@type":"BreadcrumbList","@id":"https:\/\/www.drahmetdogan.com\/fr\/chirurgie-prothetique\/#breadcrumb","itemListElement":[{"@type":"ListItem","position":1,"name":"Anasayfa","item":"https:\/\/www.drahmetdogan.com\/fr\/"},{"@type":"ListItem","position":2,"name":"Chirurgie Proth\u00e9tique"}]},{"@type":"WebSite","@id":"https:\/\/www.drahmetdogan.com\/#website","url":"https:\/\/www.drahmetdogan.com\/","name":"Prof. Dr. Ahmet Do\u011fan","description":"","publisher":{"@id":"https:\/\/www.drahmetdogan.com\/#organization"},"potentialAction":[{"@type":"SearchAction","target":{"@type":"EntryPoint","urlTemplate":"https:\/\/www.drahmetdogan.com\/?s={search_term_string}"},"query-input":"required name=search_term_string"}],"inLanguage":"fr-FR"},{"@type":"Organization","@id":"https:\/\/www.drahmetdogan.com\/#organization","name":"Prof. Dr. Ahmet Do\u011fan","url":"https:\/\/www.drahmetdogan.com\/","logo":{"@type":"ImageObject","inLanguage":"fr-FR","@id":"https:\/\/www.drahmetdogan.com\/#\/schema\/logo\/image\/","url":"https:\/\/www.drahmetdogan.com\/wp-content\/uploads\/2023\/07\/ahmetdogan-favicon.png","contentUrl":"https:\/\/www.drahmetdogan.com\/wp-content\/uploads\/2023\/07\/ahmetdogan-favicon.png","width":512,"height":512,"caption":"Prof. Dr. Ahmet Do\u011fan"},"image":{"@id":"https:\/\/www.drahmetdogan.com\/#\/schema\/logo\/image\/"}}]}},"_links":{"self":[{"href":"https:\/\/www.drahmetdogan.com\/fr\/wp-json\/wp\/v2\/pages\/4812","targetHints":{"allow":["GET"]}}],"collection":[{"href":"https:\/\/www.drahmetdogan.com\/fr\/wp-json\/wp\/v2\/pages"}],"about":[{"href":"https:\/\/www.drahmetdogan.com\/fr\/wp-json\/wp\/v2\/types\/page"}],"author":[{"embeddable":true,"href":"https:\/\/www.drahmetdogan.com\/fr\/wp-json\/wp\/v2\/users\/1"}],"replies":[{"embeddable":true,"href":"https:\/\/www.drahmetdogan.com\/fr\/wp-json\/wp\/v2\/comments?post=4812"}],"version-history":[{"count":1,"href":"https:\/\/www.drahmetdogan.com\/fr\/wp-json\/wp\/v2\/pages\/4812\/revisions"}],"predecessor-version":[{"id":4886,"href":"https:\/\/www.drahmetdogan.com\/fr\/wp-json\/wp\/v2\/pages\/4812\/revisions\/4886"}],"wp:attachment":[{"href":"https:\/\/www.drahmetdogan.com\/fr\/wp-json\/wp\/v2\/media?parent=4812"}],"curies":[{"name":"wp","href":"https:\/\/api.w.org\/{rel}","templated":true}]}}