{"id":4806,"date":"2022-12-28T12:35:30","date_gmt":"2022-12-28T09:35:30","guid":{"rendered":"https:\/\/www.drahmetdogan.com\/?page_id=4806"},"modified":"2022-12-30T16:04:04","modified_gmt":"2022-12-30T13:04:04","slug":"chirurgie-traumatologique","status":"publish","type":"page","link":"https:\/\/www.drahmetdogan.com\/fr\/chirurgie-traumatologique\/","title":{"rendered":"Chirurgie Traumatologique"},"content":{"rendered":"<div id=\"seasidetms_row_rk4y3pjh9\" class=\"seasidetms_row seasidetms_color_scheme_default seasidetms_row_top_default seasidetms_row_bot_default seasidetms_row_boxed\">\n<div class=\"seasidetms_row_outer_parent\">\n<div class=\"seasidetms_row_outer\">\n<div class=\"seasidetms_row_inner\">\n<div class=\"seasidetms_row_margin\">\n<div id=\"seasidetms_column_wgzol4d0mq\" class=\"seasidetms_column one_half\">\n<div class=\"seasidetms_column_inner\"><div class=\"seasidetms_img  seasidetms_image_n\"><img decoding=\"async\" src=\"https:\/\/www.drahmetdogan.com\/wp-content\/uploads\/2022\/12\/surgeons-performing-operation-operation-room-580x387.jpg\" \/><\/div>\n<\/div><\/div>\n<div id=\"seasidetms_column_2cnply9knc\" class=\"seasidetms_column one_half\">\n<div class=\"seasidetms_column_inner\"><div id=\"seasidetms_heading_vo0uep1bw8\" class=\"seasidetms_heading_wrap seasidetms_heading_align_left\">\n\t<h2 class=\"seasidetms_heading\">Chirurgie Traumatologique<\/h2>\n<\/div><div class=\"seasidetms_text\">\n<p style=\"color: #b0c4f5;\">Les blessures physiques qui causent de graves dommages au corps, telles que les l\u00e9sions musculaires profondes, les fractures osseuses, la rupture d&rsquo;un membre, les l\u00e9sions organiques, qui ont souvent des cons\u00e9quences graves, sont appel\u00e9es traumatismes. La sp\u00e9cialit\u00e9 d&rsquo;orthop\u00e9die et de traumatologie s&rsquo;occupe sp\u00e9cifiquement du diagnostic et du traitement des traumatismes musculo-squelettiques tels que les fractures et les amputations.<\/p>\n<p style=\"color: #b0c4f5;\">L&rsquo;\u00e9l\u00e9ment le plus important dans le traitement des patients traumatis\u00e9s est constitu\u00e9 de m\u00e9decins experts dans leur domaine et d&rsquo;un \u00e9quipement m\u00e9dical suffisant pour intervenir dans les meilleurs d\u00e9lais. Du point de vue des patients traumatis\u00e9s, la vitesse d\u00e9terminera de quel c\u00f4t\u00e9 se trouve la ligne de d\u00e9marcation entre la vie et la mort.<\/p>\n<p style=\"color: #b0c4f5;\">Le Professeur Dr. Ahmet Do\u011fan pr\u00e9f\u00e8re travailler dans des h\u00f4pitaux enti\u00e8rement \u00e9quip\u00e9s en chirurgie traumatologique, o\u00f9 il peut fournir des services de chirurgie traumatologique complets et s\u00fbrs.<\/p>\n<ul>\n<li style=\"color: #b0c4f5;\">Fractures ferm\u00e9es<\/li>\n<li style=\"color: #b0c4f5;\">Fractures articulaires<\/li>\n<li style=\"color: #b0c4f5;\">Blessures aux tendons<\/li>\n<li style=\"color: #b0c4f5;\">Blessures musculaires et des tissus mous<\/li>\n<\/ul>\n<\/div>\n<div id=\"seasidetms_divider_j8mmvfll1g\" class=\"cl\"><\/div>\n<\/div><\/div>\n<\/div>\n<\/div>\n<\/div>\n<\/div>\n<\/div>\n<div id=\"seasidetms_row_2bv8sqa0pw\" class=\"seasidetms_row seasidetms_color_scheme_default d-none seasidetms_row_top_default seasidetms_row_bot_default seasidetms_row_boxed\">\n<div class=\"seasidetms_row_outer_parent\">\n<div class=\"seasidetms_row_outer\">\n<div class=\"seasidetms_row_inner\">\n<div class=\"seasidetms_row_margin\">\n<div id=\"seasidetms_column_9350o3xsie\" class=\"seasidetms_column one_first\">\n<div class=\"seasidetms_column_inner\"><div id=\"seasidetms_heading_o2he7rw8b\" class=\"seasidetms_heading_wrap seasidetms_heading_align_left\">\n\t<h2 class=\"seasidetms_heading\">Dipl\u00f4mes et certificats<\/h2>\n<\/div><div id=\"seasidetms_heading_d9wh130j0p\" class=\"seasidetms_heading_wrap seasidetms_heading_align_left\">\n\t<h6 class=\"seasidetms_heading\">Sp\u00e9cialisations<\/h6>\n<\/div><div id=\"seasidetms_gallery_6k0ic7smw\" class=\"seasidetms_gallery_wrap\" data-type=\"masonry\" data-count=\"0\"><ul class=\"seasidetms_gallery seasidetms_4 seasidetms_more_items_loader\"><li class=\"seasidetms_gallery_item\"><figure><a href=\"https:\/\/www.drahmetdogan.com\/wp-content\/uploads\/2018\/07\/02-2.jpg\" rel=\"ilightbox[6k0ic7smw]\"><img loading=\"lazy\" decoding=\"async\" width=\"1920\" height=\"1080\" src=\"https:\/\/www.drahmetdogan.com\/wp-content\/uploads\/2018\/07\/02-2.jpg\" class=\"attachment-full size-full\" alt=\"image\" srcset=\"https:\/\/www.drahmetdogan.com\/wp-content\/uploads\/2018\/07\/02-2.jpg 1920w, https:\/\/www.drahmetdogan.com\/wp-content\/uploads\/2018\/07\/02-2-300x169.jpg 300w, https:\/\/www.drahmetdogan.com\/wp-content\/uploads\/2018\/07\/02-2-1024x576.jpg 1024w, https:\/\/www.drahmetdogan.com\/wp-content\/uploads\/2018\/07\/02-2-768x432.jpg 768w, https:\/\/www.drahmetdogan.com\/wp-content\/uploads\/2018\/07\/02-2-1536x864.jpg 1536w, https:\/\/www.drahmetdogan.com\/wp-content\/uploads\/2018\/07\/02-2-580x326.jpg 580w, https:\/\/www.drahmetdogan.com\/wp-content\/uploads\/2018\/07\/02-2-860x484.jpg 860w, https:\/\/www.drahmetdogan.com\/wp-content\/uploads\/2018\/07\/02-2-1160x653.jpg 1160w, https:\/\/www.drahmetdogan.com\/wp-content\/uploads\/2018\/07\/02-2-1320x743.jpg 1320w\" sizes=\"auto, (max-width: 1920px) 100vw, 1920px\" \/><\/a><\/figure><\/li><li class=\"seasidetms_gallery_item\"><figure><a href=\"https:\/\/www.drahmetdogan.com\/wp-content\/uploads\/2018\/07\/03-2.jpg\" rel=\"ilightbox[6k0ic7smw]\"><img loading=\"lazy\" decoding=\"async\" width=\"1920\" height=\"1080\" src=\"https:\/\/www.drahmetdogan.com\/wp-content\/uploads\/2018\/07\/03-2.jpg\" class=\"attachment-full size-full\" alt=\"image\" srcset=\"https:\/\/www.drahmetdogan.com\/wp-content\/uploads\/2018\/07\/03-2.jpg 1920w, https:\/\/www.drahmetdogan.com\/wp-content\/uploads\/2018\/07\/03-2-300x169.jpg 300w, https:\/\/www.drahmetdogan.com\/wp-content\/uploads\/2018\/07\/03-2-1024x576.jpg 1024w, https:\/\/www.drahmetdogan.com\/wp-content\/uploads\/2018\/07\/03-2-768x432.jpg 768w, https:\/\/www.drahmetdogan.com\/wp-content\/uploads\/2018\/07\/03-2-1536x864.jpg 1536w, https:\/\/www.drahmetdogan.com\/wp-content\/uploads\/2018\/07\/03-2-580x326.jpg 580w, https:\/\/www.drahmetdogan.com\/wp-content\/uploads\/2018\/07\/03-2-860x484.jpg 860w, https:\/\/www.drahmetdogan.com\/wp-content\/uploads\/2018\/07\/03-2-1160x653.jpg 1160w, https:\/\/www.drahmetdogan.com\/wp-content\/uploads\/2018\/07\/03-2-1320x743.jpg 1320w\" sizes=\"auto, (max-width: 1920px) 100vw, 1920px\" \/><\/a><\/figure><\/li><li class=\"seasidetms_gallery_item\"><figure><a href=\"https:\/\/www.drahmetdogan.com\/wp-content\/uploads\/2018\/07\/06-2.jpg\" rel=\"ilightbox[6k0ic7smw]\"><img loading=\"lazy\" decoding=\"async\" width=\"1920\" height=\"1080\" src=\"https:\/\/www.drahmetdogan.com\/wp-content\/uploads\/2018\/07\/06-2.jpg\" class=\"attachment-full size-full\" alt=\"image\" srcset=\"https:\/\/www.drahmetdogan.com\/wp-content\/uploads\/2018\/07\/06-2.jpg 1920w, https:\/\/www.drahmetdogan.com\/wp-content\/uploads\/2018\/07\/06-2-300x169.jpg 300w, https:\/\/www.drahmetdogan.com\/wp-content\/uploads\/2018\/07\/06-2-1024x576.jpg 1024w, https:\/\/www.drahmetdogan.com\/wp-content\/uploads\/2018\/07\/06-2-768x432.jpg 768w, https:\/\/www.drahmetdogan.com\/wp-content\/uploads\/2018\/07\/06-2-1536x864.jpg 1536w, https:\/\/www.drahmetdogan.com\/wp-content\/uploads\/2018\/07\/06-2-580x326.jpg 580w, https:\/\/www.drahmetdogan.com\/wp-content\/uploads\/2018\/07\/06-2-860x484.jpg 860w, https:\/\/www.drahmetdogan.com\/wp-content\/uploads\/2018\/07\/06-2-1160x653.jpg 1160w, https:\/\/www.drahmetdogan.com\/wp-content\/uploads\/2018\/07\/06-2-1320x743.jpg 1320w\" sizes=\"auto, (max-width: 1920px) 100vw, 1920px\" \/><\/a><\/figure><\/li><li class=\"seasidetms_gallery_item\"><figure><a href=\"https:\/\/www.drahmetdogan.com\/wp-content\/uploads\/2018\/07\/04-2.jpg\" rel=\"ilightbox[6k0ic7smw]\"><img loading=\"lazy\" decoding=\"async\" width=\"1920\" height=\"1080\" src=\"https:\/\/www.drahmetdogan.com\/wp-content\/uploads\/2018\/07\/04-2.jpg\" class=\"attachment-full size-full\" alt=\"image\" srcset=\"https:\/\/www.drahmetdogan.com\/wp-content\/uploads\/2018\/07\/04-2.jpg 1920w, https:\/\/www.drahmetdogan.com\/wp-content\/uploads\/2018\/07\/04-2-300x169.jpg 300w, https:\/\/www.drahmetdogan.com\/wp-content\/uploads\/2018\/07\/04-2-1024x576.jpg 1024w, https:\/\/www.drahmetdogan.com\/wp-content\/uploads\/2018\/07\/04-2-768x432.jpg 768w, https:\/\/www.drahmetdogan.com\/wp-content\/uploads\/2018\/07\/04-2-1536x864.jpg 1536w, https:\/\/www.drahmetdogan.com\/wp-content\/uploads\/2018\/07\/04-2-580x326.jpg 580w, https:\/\/www.drahmetdogan.com\/wp-content\/uploads\/2018\/07\/04-2-860x484.jpg 860w, https:\/\/www.drahmetdogan.com\/wp-content\/uploads\/2018\/07\/04-2-1160x653.jpg 1160w, https:\/\/www.drahmetdogan.com\/wp-content\/uploads\/2018\/07\/04-2-1320x743.jpg 1320w\" sizes=\"auto, (max-width: 1920px) 100vw, 1920px\" \/><\/a><\/figure><\/li><\/ul><\/div>\n<\/div><\/div>\n<\/div>\n<\/div>\n<\/div>\n<\/div>\n<\/div>\n\n","protected":false},"excerpt":{"rendered":"","protected":false},"author":1,"featured_media":0,"parent":0,"menu_order":0,"comment_status":"closed","ping_status":"closed","template":"","meta":{"footnotes":""},"class_list":["post-4806","page","type-page","status-publish","hentry"],"yoast_head":"<!-- This site is optimized with the Yoast SEO plugin v19.13 - https:\/\/yoast.com\/wordpress\/plugins\/seo\/ -->\n<title>Chirurgie Traumatologique - Prof. Dr. Ahmet Do\u011fan<\/title>\n<meta name=\"robots\" content=\"index, follow, max-snippet:-1, max-image-preview:large, max-video-preview:-1\" \/>\n<link rel=\"canonical\" href=\"https:\/\/www.drahmetdogan.com\/fr\/chirurgie-traumatologique\/\" \/>\n<meta property=\"og:locale\" content=\"fr_FR\" \/>\n<meta property=\"og:type\" content=\"article\" \/>\n<meta property=\"og:title\" content=\"Chirurgie Traumatologique - Prof. Dr. Ahmet Do\u011fan\" \/>\n<meta property=\"og:url\" content=\"https:\/\/www.drahmetdogan.com\/fr\/chirurgie-traumatologique\/\" \/>\n<meta property=\"og:site_name\" content=\"Prof. Dr. Ahmet Do\u011fan\" \/>\n<meta property=\"article:modified_time\" content=\"2022-12-30T13:04:04+00:00\" \/>\n<meta name=\"twitter:card\" content=\"summary_large_image\" \/>\n<meta name=\"twitter:label1\" content=\"Dur\u00e9e de lecture estim\u00e9e\" \/>\n\t<meta name=\"twitter:data1\" content=\"2 minutes\" \/>\n<script type=\"application\/ld+json\" class=\"yoast-schema-graph\">{\"@context\":\"https:\/\/schema.org\",\"@graph\":[{\"@type\":\"WebPage\",\"@id\":\"https:\/\/www.drahmetdogan.com\/fr\/chirurgie-traumatologique\/\",\"url\":\"https:\/\/www.drahmetdogan.com\/fr\/chirurgie-traumatologique\/\",\"name\":\"Chirurgie Traumatologique - Prof. Dr. Ahmet Do\u011fan\",\"isPartOf\":{\"@id\":\"https:\/\/www.drahmetdogan.com\/#website\"},\"datePublished\":\"2022-12-28T09:35:30+00:00\",\"dateModified\":\"2022-12-30T13:04:04+00:00\",\"breadcrumb\":{\"@id\":\"https:\/\/www.drahmetdogan.com\/fr\/chirurgie-traumatologique\/#breadcrumb\"},\"inLanguage\":\"fr-FR\",\"potentialAction\":[{\"@type\":\"ReadAction\",\"target\":[\"https:\/\/www.drahmetdogan.com\/fr\/chirurgie-traumatologique\/\"]}]},{\"@type\":\"BreadcrumbList\",\"@id\":\"https:\/\/www.drahmetdogan.com\/fr\/chirurgie-traumatologique\/#breadcrumb\",\"itemListElement\":[{\"@type\":\"ListItem\",\"position\":1,\"name\":\"Anasayfa\",\"item\":\"https:\/\/www.drahmetdogan.com\/fr\/\"},{\"@type\":\"ListItem\",\"position\":2,\"name\":\"Chirurgie Traumatologique\"}]},{\"@type\":\"WebSite\",\"@id\":\"https:\/\/www.drahmetdogan.com\/#website\",\"url\":\"https:\/\/www.drahmetdogan.com\/\",\"name\":\"Prof. Dr. Ahmet Do\u011fan\",\"description\":\"\",\"publisher\":{\"@id\":\"https:\/\/www.drahmetdogan.com\/#organization\"},\"potentialAction\":[{\"@type\":\"SearchAction\",\"target\":{\"@type\":\"EntryPoint\",\"urlTemplate\":\"https:\/\/www.drahmetdogan.com\/?s={search_term_string}\"},\"query-input\":\"required name=search_term_string\"}],\"inLanguage\":\"fr-FR\"},{\"@type\":\"Organization\",\"@id\":\"https:\/\/www.drahmetdogan.com\/#organization\",\"name\":\"Prof. Dr. Ahmet Do\u011fan\",\"url\":\"https:\/\/www.drahmetdogan.com\/\",\"logo\":{\"@type\":\"ImageObject\",\"inLanguage\":\"fr-FR\",\"@id\":\"https:\/\/www.drahmetdogan.com\/#\/schema\/logo\/image\/\",\"url\":\"https:\/\/www.drahmetdogan.com\/wp-content\/uploads\/2023\/07\/ahmetdogan-favicon.png\",\"contentUrl\":\"https:\/\/www.drahmetdogan.com\/wp-content\/uploads\/2023\/07\/ahmetdogan-favicon.png\",\"width\":512,\"height\":512,\"caption\":\"Prof. Dr. Ahmet Do\u011fan\"},\"image\":{\"@id\":\"https:\/\/www.drahmetdogan.com\/#\/schema\/logo\/image\/\"}}]}<\/script>\n<!-- \/ Yoast SEO plugin. -->","yoast_head_json":{"title":"Chirurgie Traumatologique - Prof. Dr. Ahmet Do\u011fan","robots":{"index":"index","follow":"follow","max-snippet":"max-snippet:-1","max-image-preview":"max-image-preview:large","max-video-preview":"max-video-preview:-1"},"canonical":"https:\/\/www.drahmetdogan.com\/fr\/chirurgie-traumatologique\/","og_locale":"fr_FR","og_type":"article","og_title":"Chirurgie Traumatologique - Prof. Dr. Ahmet Do\u011fan","og_url":"https:\/\/www.drahmetdogan.com\/fr\/chirurgie-traumatologique\/","og_site_name":"Prof. Dr. Ahmet Do\u011fan","article_modified_time":"2022-12-30T13:04:04+00:00","twitter_card":"summary_large_image","twitter_misc":{"Dur\u00e9e de lecture estim\u00e9e":"2 minutes"},"schema":{"@context":"https:\/\/schema.org","@graph":[{"@type":"WebPage","@id":"https:\/\/www.drahmetdogan.com\/fr\/chirurgie-traumatologique\/","url":"https:\/\/www.drahmetdogan.com\/fr\/chirurgie-traumatologique\/","name":"Chirurgie Traumatologique - Prof. Dr. Ahmet Do\u011fan","isPartOf":{"@id":"https:\/\/www.drahmetdogan.com\/#website"},"datePublished":"2022-12-28T09:35:30+00:00","dateModified":"2022-12-30T13:04:04+00:00","breadcrumb":{"@id":"https:\/\/www.drahmetdogan.com\/fr\/chirurgie-traumatologique\/#breadcrumb"},"inLanguage":"fr-FR","potentialAction":[{"@type":"ReadAction","target":["https:\/\/www.drahmetdogan.com\/fr\/chirurgie-traumatologique\/"]}]},{"@type":"BreadcrumbList","@id":"https:\/\/www.drahmetdogan.com\/fr\/chirurgie-traumatologique\/#breadcrumb","itemListElement":[{"@type":"ListItem","position":1,"name":"Anasayfa","item":"https:\/\/www.drahmetdogan.com\/fr\/"},{"@type":"ListItem","position":2,"name":"Chirurgie Traumatologique"}]},{"@type":"WebSite","@id":"https:\/\/www.drahmetdogan.com\/#website","url":"https:\/\/www.drahmetdogan.com\/","name":"Prof. Dr. Ahmet Do\u011fan","description":"","publisher":{"@id":"https:\/\/www.drahmetdogan.com\/#organization"},"potentialAction":[{"@type":"SearchAction","target":{"@type":"EntryPoint","urlTemplate":"https:\/\/www.drahmetdogan.com\/?s={search_term_string}"},"query-input":"required name=search_term_string"}],"inLanguage":"fr-FR"},{"@type":"Organization","@id":"https:\/\/www.drahmetdogan.com\/#organization","name":"Prof. Dr. Ahmet Do\u011fan","url":"https:\/\/www.drahmetdogan.com\/","logo":{"@type":"ImageObject","inLanguage":"fr-FR","@id":"https:\/\/www.drahmetdogan.com\/#\/schema\/logo\/image\/","url":"https:\/\/www.drahmetdogan.com\/wp-content\/uploads\/2023\/07\/ahmetdogan-favicon.png","contentUrl":"https:\/\/www.drahmetdogan.com\/wp-content\/uploads\/2023\/07\/ahmetdogan-favicon.png","width":512,"height":512,"caption":"Prof. Dr. Ahmet Do\u011fan"},"image":{"@id":"https:\/\/www.drahmetdogan.com\/#\/schema\/logo\/image\/"}}]}},"_links":{"self":[{"href":"https:\/\/www.drahmetdogan.com\/fr\/wp-json\/wp\/v2\/pages\/4806","targetHints":{"allow":["GET"]}}],"collection":[{"href":"https:\/\/www.drahmetdogan.com\/fr\/wp-json\/wp\/v2\/pages"}],"about":[{"href":"https:\/\/www.drahmetdogan.com\/fr\/wp-json\/wp\/v2\/types\/page"}],"author":[{"embeddable":true,"href":"https:\/\/www.drahmetdogan.com\/fr\/wp-json\/wp\/v2\/users\/1"}],"replies":[{"embeddable":true,"href":"https:\/\/www.drahmetdogan.com\/fr\/wp-json\/wp\/v2\/comments?post=4806"}],"version-history":[{"count":1,"href":"https:\/\/www.drahmetdogan.com\/fr\/wp-json\/wp\/v2\/pages\/4806\/revisions"}],"predecessor-version":[{"id":4887,"href":"https:\/\/www.drahmetdogan.com\/fr\/wp-json\/wp\/v2\/pages\/4806\/revisions\/4887"}],"wp:attachment":[{"href":"https:\/\/www.drahmetdogan.com\/fr\/wp-json\/wp\/v2\/media?parent=4806"}],"curies":[{"name":"wp","href":"https:\/\/api.w.org\/{rel}","templated":true}]}}