{"id":4696,"date":"2018-05-01T09:38:27","date_gmt":"2018-05-01T06:38:27","guid":{"rendered":"https:\/\/www.drahmetdogan.com\/a-propos\/"},"modified":"2023-03-10T16:13:12","modified_gmt":"2023-03-10T13:13:12","slug":"a-propos","status":"publish","type":"page","link":"https:\/\/www.drahmetdogan.com\/fr\/a-propos\/","title":{"rendered":"\u00c0 propos"},"content":{"rendered":"<div id=\"seasidetms_row_rk4y3pjh9\" class=\"seasidetms_row seasidetms_color_scheme_default seasidetms_row_top_default seasidetms_row_bot_default seasidetms_row_boxed\">\n<div class=\"seasidetms_row_outer_parent\">\n<div class=\"seasidetms_row_outer\">\n<div class=\"seasidetms_row_inner\">\n<div class=\"seasidetms_row_margin\">\n<div id=\"seasidetms_column_wgzol4d0mq\" class=\"seasidetms_column one_half\">\n<div class=\"seasidetms_column_inner\"><div class=\"seasidetms_img  seasidetms_image_n\"><img decoding=\"async\" src=\"https:\/\/www.drahmetdogan.com\/wp-content\/uploads\/2022\/12\/profile-1-300x300.jpg\" \/><\/div>\n<\/div><\/div>\n<div id=\"seasidetms_column_2cnply9knc\" class=\"seasidetms_column one_half\">\n<div class=\"seasidetms_column_inner\"><div id=\"seasidetms_heading_vo0uep1bw8\" class=\"seasidetms_heading_wrap seasidetms_heading_align_left\">\n\t<h2 class=\"seasidetms_heading\">Prof. Dr. Ahmet DO\u011eAN<\/h2>\n<\/div><div class=\"seasidetms_text\">\n<p style=\"color: #b0c4f5;\">Le professeur Dr. Ahmet Do\u011fan est un chirurgien orthop\u00e9diste avec 25 ans d&rsquo;exp\u00e9rience. Apr\u00e8s avoir obtenu son dipl\u00f4me de la Facult\u00e9 de m\u00e9decine de l&rsquo;Universit\u00e9 d&rsquo;Uludag en 1993, il a suivi une formation de sp\u00e9cialisation \u00e0 l&rsquo;H\u00f4pital de formation et de recherche d&rsquo;Istanbul en 2001. Il poursuit avec succ\u00e8s ses op\u00e9rations avec des techniques chirurgicales sp\u00e9ciales en orthop\u00e9die p\u00e9diatrique, chirurgie des d\u00e9formations, chirurgie d&rsquo;Ilizarov et chirurgie des traumatismes.<\/p>\n<\/div>\n<div id=\"seasidetms_divider_j8mmvfll1g\" class=\"cl\"><\/div>\n<\/div><\/div>\n<\/div>\n<\/div>\n<\/div>\n<\/div>\n<\/div>\n<div id=\"seasidetms_row_x899mrv1d\" class=\"seasidetms_row seasidetms_color_scheme_default d-none seasidetms_row_top_default seasidetms_row_bot_default seasidetms_row_boxed\">\n<div class=\"seasidetms_row_outer_parent\">\n<div class=\"seasidetms_row_outer\">\n<div class=\"seasidetms_row_inner\">\n<div class=\"seasidetms_row_margin\">\n<div id=\"seasidetms_column_kqw9db4w99\" class=\"seasidetms_column one_first\">\n<div class=\"seasidetms_column_inner\"><div id=\"seasidetms_heading_7yoehamtfk\" class=\"seasidetms_heading_wrap seasidetms_heading_align_center\">\n\t<h2 class=\"seasidetms_heading\">Notre \u00e9quipe ICOS<\/h2>\n<\/div><div id=\"seasidetms_heading_0ejjk8t9ja\" class=\"seasidetms_heading_wrap seasidetms_heading_align_center\">\n\t<h6 class=\"seasidetms_heading\">SP\u00c9CIALIT\u00c9S<\/h6>\n<\/div>\n<div id=\"seasidetms_profile_69df24abb449c\" class=\"seasidetms_profile horizontal\">\n<!-- Start Profile Horizontal Article -->\r\n<article id=\"post-4733\" class=\"seasidetms_profile_horizontal one_fourth post-4733 profile type-profile status-publish has-post-thumbnail hentry\">\r\n\t<div class=\"profile_outer\">\r\n\t<div class=\"pl_img_wrap\"><figure class=\"seasidetms_img_wrap\"><a href=\"https:\/\/www.drahmetdogan.com\/fr\/profile\/prof-dr-ahmet-dogan\/\" title=\"Prof. Dr. Ahmet DO\u011eAN\" class=\"seasidetms_img_link\"><img loading=\"lazy\" decoding=\"async\" width=\"300\" height=\"300\" src=\"https:\/\/www.drahmetdogan.com\/wp-content\/uploads\/2022\/12\/prof-dr-ahmet-dogan-300x300.jpg\" class=\" wp-post-image\" alt=\"Prof. Dr. Ahmet DO\u011eAN\" title=\"prof-dr-ahmet-do\u011fan\" srcset=\"https:\/\/www.drahmetdogan.com\/wp-content\/uploads\/2022\/12\/prof-dr-ahmet-dogan-300x300.jpg 300w, https:\/\/www.drahmetdogan.com\/wp-content\/uploads\/2022\/12\/prof-dr-ahmet-dogan-150x150.jpg 150w, https:\/\/www.drahmetdogan.com\/wp-content\/uploads\/2022\/12\/prof-dr-ahmet-dogan-90x90.jpg 90w\" sizes=\"auto, (max-width: 300px) 100vw, 300px\" \/><\/a><\/figure><div class=\"profile_social_icons\"><ul class=\"profile_social_icons_list\"><li><a href=\"#\" class=\"seasidetms_social_icon seasidetms_social_icon_xjevv54gj_1 seasidetms-icon-twitter\" title=\"\"><\/a><\/li><li><a href=\"#\" class=\"seasidetms_social_icon seasidetms_social_icon_xjevv54gj_2 seasidetms-icon-facebook\" title=\"\"><\/a><\/li><li><a href=\"#\" class=\"seasidetms_social_icon seasidetms_social_icon_xjevv54gj_3 seasidetms-icon-mail-alt\" title=\"\"><\/a><\/li><li><a href=\"#\" class=\"seasidetms_social_icon seasidetms_social_icon_xjevv54gj_4 seasidetms-icon-gplus-1\" title=\"\"><\/a><\/li><\/ul><\/div><\/div><div class=\"profile_inner\"><header class=\"seasidetms_profile_header entry-header\"><h3 class=\"seasidetms_profile_title entry-title\"><a href=\"https:\/\/www.drahmetdogan.com\/fr\/profile\/prof-dr-ahmet-dogan\/\">Prof. Dr. Ahmet DO\u011eAN<\/a><\/h3><h6 class=\"seasidetms_profile_subtitle\">Ortopedi ve Travmatoloji Uzman\u0131<\/h6><\/header><\/div>\t<\/div>\r\n<\/article>\r\n<!-- Finish Profile Horizontal Article -->\r\n\r\n<!-- Start Profile Horizontal Article -->\r\n<article id=\"post-386\" class=\"seasidetms_profile_horizontal one_fourth post-386 profile type-profile status-publish has-post-thumbnail hentry\">\r\n\t<div class=\"profile_outer\">\r\n\t<div class=\"pl_img_wrap\"><figure class=\"seasidetms_img_wrap\"><a href=\"https:\/\/www.drahmetdogan.com\/fr\/profile\/prof-dr-onat-uzumcugil\/\" title=\"Prof. Dr. Onat \u00dcZ\u00dcMC\u00dcG\u0130L\" class=\"seasidetms_img_link\"><img loading=\"lazy\" decoding=\"async\" width=\"300\" height=\"300\" src=\"https:\/\/www.drahmetdogan.com\/wp-content\/uploads\/2018\/04\/IMG_4001-300x300.jpg\" class=\" wp-post-image\" alt=\"Prof. Dr. Onat \u00dcZ\u00dcMC\u00dcG\u0130L\" title=\"IMG_4001\" srcset=\"https:\/\/www.drahmetdogan.com\/wp-content\/uploads\/2018\/04\/IMG_4001-300x300.jpg 300w, https:\/\/www.drahmetdogan.com\/wp-content\/uploads\/2018\/04\/IMG_4001-150x150.jpg 150w, https:\/\/www.drahmetdogan.com\/wp-content\/uploads\/2018\/04\/IMG_4001-90x90.jpg 90w\" sizes=\"auto, (max-width: 300px) 100vw, 300px\" \/><\/a><\/figure><div class=\"profile_social_icons\"><ul class=\"profile_social_icons_list\"><li><a href=\"#\" class=\"seasidetms_social_icon seasidetms_social_icon_xjevv54gj_1 seasidetms-icon-twitter-1 seasidetms_social_icon_color\" title=\"\"><\/a><\/li><li><a href=\"#\" class=\"seasidetms_social_icon seasidetms_social_icon_xjevv54gj_2 seasidetms-icon-facebook-1 seasidetms_social_icon_color\" title=\"\"><\/a><\/li><li><a href=\"#\" class=\"seasidetms_social_icon seasidetms_social_icon_xjevv54gj_3 seasidetms-icon-mail-1 seasidetms_social_icon_color\" title=\"\"><\/a><\/li><li><a href=\"#\" class=\"seasidetms_social_icon seasidetms_social_icon_xjevv54gj_4 seasidetms-icon-gplus-1 seasidetms_social_icon_color\" title=\"\"><\/a><\/li><\/ul><\/div><\/div><div class=\"profile_inner\"><header class=\"seasidetms_profile_header entry-header\"><h3 class=\"seasidetms_profile_title entry-title\"><a href=\"https:\/\/www.drahmetdogan.com\/fr\/profile\/prof-dr-onat-uzumcugil\/\">Prof. Dr. Onat \u00dcZ\u00dcMC\u00dcG\u0130L<\/a><\/h3><h6 class=\"seasidetms_profile_subtitle\">Ortopedi ve Travmatoloji Uzman\u0131<\/h6><\/header><\/div>\t<\/div>\r\n<\/article>\r\n<!-- Finish Profile Horizontal Article -->\r\n\r\n<!-- Start Profile Horizontal Article -->\r\n<article id=\"post-370\" class=\"seasidetms_profile_horizontal one_fourth post-370 profile type-profile status-publish has-post-thumbnail hentry\">\r\n\t<div class=\"profile_outer\">\r\n\t<div class=\"pl_img_wrap\"><figure class=\"seasidetms_img_wrap\"><a href=\"https:\/\/www.drahmetdogan.com\/fr\/profile\/doc-dr-abdulhamit-misir\/\" title=\"Do\u00e7. Dr. Abd\u00fclhamit M\u0130S\u0130R\" class=\"seasidetms_img_link\"><img loading=\"lazy\" decoding=\"async\" width=\"300\" height=\"300\" src=\"https:\/\/www.drahmetdogan.com\/wp-content\/uploads\/2018\/04\/doA7-dr-abdulhamit-misir-300x300.jpg\" class=\" wp-post-image\" alt=\"Do\u00e7. Dr. Abd\u00fclhamit M\u0130S\u0130R\" title=\"doA7-dr-abdulhamit-misir\" srcset=\"https:\/\/www.drahmetdogan.com\/wp-content\/uploads\/2018\/04\/doA7-dr-abdulhamit-misir-300x300.jpg 300w, https:\/\/www.drahmetdogan.com\/wp-content\/uploads\/2018\/04\/doA7-dr-abdulhamit-misir-150x150.jpg 150w, https:\/\/www.drahmetdogan.com\/wp-content\/uploads\/2018\/04\/doA7-dr-abdulhamit-misir-90x90.jpg 90w\" sizes=\"auto, (max-width: 300px) 100vw, 300px\" \/><\/a><\/figure><div class=\"profile_social_icons\"><ul class=\"profile_social_icons_list\"><li><a href=\"#\" class=\"seasidetms_social_icon seasidetms_social_icon_xjevv54gj_1 seasidetms-icon-twitter-1 seasidetms_social_icon_color\" title=\"\"><\/a><\/li><li><a href=\"#\" class=\"seasidetms_social_icon seasidetms_social_icon_xjevv54gj_2 seasidetms-icon-facebook-1 seasidetms_social_icon_color\" title=\"\"><\/a><\/li><li><a href=\"#\" class=\"seasidetms_social_icon seasidetms_social_icon_xjevv54gj_3 seasidetms-icon-mail-1 seasidetms_social_icon_color\" title=\"\"><\/a><\/li><li><a href=\"#\" class=\"seasidetms_social_icon seasidetms_social_icon_xjevv54gj_4 seasidetms-icon-gplus-1 seasidetms_social_icon_color\" title=\"\"><\/a><\/li><\/ul><\/div><\/div><div class=\"profile_inner\"><header class=\"seasidetms_profile_header entry-header\"><h3 class=\"seasidetms_profile_title entry-title\"><a href=\"https:\/\/www.drahmetdogan.com\/fr\/profile\/doc-dr-abdulhamit-misir\/\">Do\u00e7. Dr. Abd\u00fclhamit M\u0130S\u0130R<\/a><\/h3><h6 class=\"seasidetms_profile_subtitle\">Ortopedi ve Travmatoloji Uzman\u0131<\/h6><\/header><\/div>\t<\/div>\r\n<\/article>\r\n<!-- Finish Profile Horizontal Article -->\r\n\r\n<!-- Start Profile Horizontal Article -->\r\n<article id=\"post-363\" class=\"seasidetms_profile_horizontal one_fourth post-363 profile type-profile status-publish has-post-thumbnail hentry\">\r\n\t<div class=\"profile_outer\">\r\n\t<div class=\"pl_img_wrap\"><figure class=\"seasidetms_img_wrap\"><a href=\"https:\/\/www.drahmetdogan.com\/fr\/profile\/opr-dr-hilmi-karadeniz\/\" title=\"Opr. Dr. Hilmi KARADEN\u0130Z\" class=\"seasidetms_img_link\"><img loading=\"lazy\" decoding=\"async\" width=\"300\" height=\"300\" src=\"https:\/\/www.drahmetdogan.com\/wp-content\/uploads\/2018\/04\/opr-dr-hilmi-karadeniz-300x300.jpg\" class=\" wp-post-image\" alt=\"Opr. Dr. Hilmi KARADEN\u0130Z\" title=\"opr-dr-hilmi-karadeniz\" srcset=\"https:\/\/www.drahmetdogan.com\/wp-content\/uploads\/2018\/04\/opr-dr-hilmi-karadeniz-300x300.jpg 300w, https:\/\/www.drahmetdogan.com\/wp-content\/uploads\/2018\/04\/opr-dr-hilmi-karadeniz-150x150.jpg 150w, https:\/\/www.drahmetdogan.com\/wp-content\/uploads\/2018\/04\/opr-dr-hilmi-karadeniz-90x90.jpg 90w\" sizes=\"auto, (max-width: 300px) 100vw, 300px\" \/><\/a><\/figure><div class=\"profile_social_icons\"><ul class=\"profile_social_icons_list\"><li><a href=\"#\" class=\"seasidetms_social_icon seasidetms_social_icon_xjevv54gj_1 seasidetms-icon-twitter-1 seasidetms_social_icon_color\" title=\"\"><\/a><\/li><li><a href=\"#\" class=\"seasidetms_social_icon seasidetms_social_icon_xjevv54gj_2 seasidetms-icon-facebook-1 seasidetms_social_icon_color\" title=\"\"><\/a><\/li><li><a href=\"#\" class=\"seasidetms_social_icon seasidetms_social_icon_xjevv54gj_3 seasidetms-icon-mail-1 seasidetms_social_icon_color\" title=\"\"><\/a><\/li><li><a href=\"#\" class=\"seasidetms_social_icon seasidetms_social_icon_xjevv54gj_4 seasidetms-icon-gplus-1 seasidetms_social_icon_color\" title=\"\"><\/a><\/li><\/ul><\/div><\/div><div class=\"profile_inner\"><header class=\"seasidetms_profile_header entry-header\"><h3 class=\"seasidetms_profile_title entry-title\"><a href=\"https:\/\/www.drahmetdogan.com\/fr\/profile\/opr-dr-hilmi-karadeniz\/\">Opr. Dr. Hilmi KARADEN\u0130Z<\/a><\/h3><h6 class=\"seasidetms_profile_subtitle\">Ortopedi ve Travmatoloji Uzman\u0131<\/h6><\/header><\/div>\t<\/div>\r\n<\/article>\r\n<!-- Finish Profile Horizontal Article -->\r\n\r\n<\/div>\n<\/div><\/div>\n<\/div>\n<\/div>\n<\/div>\n<\/div>\n<\/div>\n<div id=\"seasidetms_row_2bv8sqa0pw\" class=\"seasidetms_row seasidetms_color_scheme_default d-none seasidetms_row_top_default seasidetms_row_bot_default seasidetms_row_boxed\">\n<div class=\"seasidetms_row_outer_parent\">\n<div class=\"seasidetms_row_outer\">\n<div class=\"seasidetms_row_inner\">\n<div class=\"seasidetms_row_margin\">\n<div id=\"seasidetms_column_9350o3xsie\" class=\"seasidetms_column one_first\">\n<div class=\"seasidetms_column_inner\"><div id=\"seasidetms_heading_o2he7rw8b\" class=\"seasidetms_heading_wrap seasidetms_heading_align_left\">\n\t<h2 class=\"seasidetms_heading\">Dipl\u00f4mes et certificats<\/h2>\n<\/div><div id=\"seasidetms_heading_d9wh130j0p\" class=\"seasidetms_heading_wrap seasidetms_heading_align_left\">\n\t<h6 class=\"seasidetms_heading\">Sp\u00e9cialisations<\/h6>\n<\/div><div id=\"seasidetms_gallery_6k0ic7smw\" class=\"seasidetms_gallery_wrap\" data-type=\"masonry\" data-count=\"0\"><ul class=\"seasidetms_gallery seasidetms_4 seasidetms_more_items_loader\"><li class=\"seasidetms_gallery_item\"><figure><a href=\"https:\/\/www.drahmetdogan.com\/wp-content\/uploads\/2018\/07\/02-2.jpg\" rel=\"ilightbox[6k0ic7smw]\"><img loading=\"lazy\" decoding=\"async\" width=\"1920\" height=\"1080\" src=\"https:\/\/www.drahmetdogan.com\/wp-content\/uploads\/2018\/07\/02-2.jpg\" class=\"attachment-full size-full\" alt=\"image\" srcset=\"https:\/\/www.drahmetdogan.com\/wp-content\/uploads\/2018\/07\/02-2.jpg 1920w, https:\/\/www.drahmetdogan.com\/wp-content\/uploads\/2018\/07\/02-2-300x169.jpg 300w, https:\/\/www.drahmetdogan.com\/wp-content\/uploads\/2018\/07\/02-2-1024x576.jpg 1024w, https:\/\/www.drahmetdogan.com\/wp-content\/uploads\/2018\/07\/02-2-768x432.jpg 768w, https:\/\/www.drahmetdogan.com\/wp-content\/uploads\/2018\/07\/02-2-1536x864.jpg 1536w, https:\/\/www.drahmetdogan.com\/wp-content\/uploads\/2018\/07\/02-2-580x326.jpg 580w, https:\/\/www.drahmetdogan.com\/wp-content\/uploads\/2018\/07\/02-2-860x484.jpg 860w, https:\/\/www.drahmetdogan.com\/wp-content\/uploads\/2018\/07\/02-2-1160x653.jpg 1160w, https:\/\/www.drahmetdogan.com\/wp-content\/uploads\/2018\/07\/02-2-1320x743.jpg 1320w\" sizes=\"auto, (max-width: 1920px) 100vw, 1920px\" \/><\/a><\/figure><\/li><li class=\"seasidetms_gallery_item\"><figure><a href=\"https:\/\/www.drahmetdogan.com\/wp-content\/uploads\/2018\/07\/03-2.jpg\" rel=\"ilightbox[6k0ic7smw]\"><img loading=\"lazy\" decoding=\"async\" width=\"1920\" height=\"1080\" src=\"https:\/\/www.drahmetdogan.com\/wp-content\/uploads\/2018\/07\/03-2.jpg\" class=\"attachment-full size-full\" alt=\"image\" srcset=\"https:\/\/www.drahmetdogan.com\/wp-content\/uploads\/2018\/07\/03-2.jpg 1920w, https:\/\/www.drahmetdogan.com\/wp-content\/uploads\/2018\/07\/03-2-300x169.jpg 300w, https:\/\/www.drahmetdogan.com\/wp-content\/uploads\/2018\/07\/03-2-1024x576.jpg 1024w, https:\/\/www.drahmetdogan.com\/wp-content\/uploads\/2018\/07\/03-2-768x432.jpg 768w, https:\/\/www.drahmetdogan.com\/wp-content\/uploads\/2018\/07\/03-2-1536x864.jpg 1536w, https:\/\/www.drahmetdogan.com\/wp-content\/uploads\/2018\/07\/03-2-580x326.jpg 580w, https:\/\/www.drahmetdogan.com\/wp-content\/uploads\/2018\/07\/03-2-860x484.jpg 860w, https:\/\/www.drahmetdogan.com\/wp-content\/uploads\/2018\/07\/03-2-1160x653.jpg 1160w, https:\/\/www.drahmetdogan.com\/wp-content\/uploads\/2018\/07\/03-2-1320x743.jpg 1320w\" sizes=\"auto, (max-width: 1920px) 100vw, 1920px\" \/><\/a><\/figure><\/li><li class=\"seasidetms_gallery_item\"><figure><a href=\"https:\/\/www.drahmetdogan.com\/wp-content\/uploads\/2018\/07\/06-2.jpg\" rel=\"ilightbox[6k0ic7smw]\"><img loading=\"lazy\" decoding=\"async\" width=\"1920\" height=\"1080\" src=\"https:\/\/www.drahmetdogan.com\/wp-content\/uploads\/2018\/07\/06-2.jpg\" class=\"attachment-full size-full\" alt=\"image\" srcset=\"https:\/\/www.drahmetdogan.com\/wp-content\/uploads\/2018\/07\/06-2.jpg 1920w, https:\/\/www.drahmetdogan.com\/wp-content\/uploads\/2018\/07\/06-2-300x169.jpg 300w, https:\/\/www.drahmetdogan.com\/wp-content\/uploads\/2018\/07\/06-2-1024x576.jpg 1024w, https:\/\/www.drahmetdogan.com\/wp-content\/uploads\/2018\/07\/06-2-768x432.jpg 768w, https:\/\/www.drahmetdogan.com\/wp-content\/uploads\/2018\/07\/06-2-1536x864.jpg 1536w, https:\/\/www.drahmetdogan.com\/wp-content\/uploads\/2018\/07\/06-2-580x326.jpg 580w, https:\/\/www.drahmetdogan.com\/wp-content\/uploads\/2018\/07\/06-2-860x484.jpg 860w, https:\/\/www.drahmetdogan.com\/wp-content\/uploads\/2018\/07\/06-2-1160x653.jpg 1160w, https:\/\/www.drahmetdogan.com\/wp-content\/uploads\/2018\/07\/06-2-1320x743.jpg 1320w\" sizes=\"auto, (max-width: 1920px) 100vw, 1920px\" \/><\/a><\/figure><\/li><li class=\"seasidetms_gallery_item\"><figure><a href=\"https:\/\/www.drahmetdogan.com\/wp-content\/uploads\/2018\/07\/04-2.jpg\" rel=\"ilightbox[6k0ic7smw]\"><img loading=\"lazy\" decoding=\"async\" width=\"1920\" height=\"1080\" src=\"https:\/\/www.drahmetdogan.com\/wp-content\/uploads\/2018\/07\/04-2.jpg\" class=\"attachment-full size-full\" alt=\"image\" srcset=\"https:\/\/www.drahmetdogan.com\/wp-content\/uploads\/2018\/07\/04-2.jpg 1920w, https:\/\/www.drahmetdogan.com\/wp-content\/uploads\/2018\/07\/04-2-300x169.jpg 300w, https:\/\/www.drahmetdogan.com\/wp-content\/uploads\/2018\/07\/04-2-1024x576.jpg 1024w, https:\/\/www.drahmetdogan.com\/wp-content\/uploads\/2018\/07\/04-2-768x432.jpg 768w, https:\/\/www.drahmetdogan.com\/wp-content\/uploads\/2018\/07\/04-2-1536x864.jpg 1536w, https:\/\/www.drahmetdogan.com\/wp-content\/uploads\/2018\/07\/04-2-580x326.jpg 580w, https:\/\/www.drahmetdogan.com\/wp-content\/uploads\/2018\/07\/04-2-860x484.jpg 860w, https:\/\/www.drahmetdogan.com\/wp-content\/uploads\/2018\/07\/04-2-1160x653.jpg 1160w, https:\/\/www.drahmetdogan.com\/wp-content\/uploads\/2018\/07\/04-2-1320x743.jpg 1320w\" sizes=\"auto, (max-width: 1920px) 100vw, 1920px\" \/><\/a><\/figure><\/li><\/ul><\/div>\n<\/div><\/div>\n<\/div>\n<\/div>\n<\/div>\n<\/div>\n<\/div>\n\n","protected":false},"excerpt":{"rendered":"","protected":false},"author":1,"featured_media":0,"parent":0,"menu_order":0,"comment_status":"closed","ping_status":"closed","template":"","meta":{"footnotes":""},"class_list":["post-4696","page","type-page","status-publish","hentry"],"yoast_head":"<!-- This site is optimized with the Yoast SEO plugin v19.13 - https:\/\/yoast.com\/wordpress\/plugins\/seo\/ -->\n<title>\u00c0 propos - Prof. Dr. Ahmet Do\u011fan<\/title>\n<meta name=\"robots\" content=\"index, follow, max-snippet:-1, max-image-preview:large, max-video-preview:-1\" \/>\n<link rel=\"canonical\" href=\"https:\/\/www.drahmetdogan.com\/fr\/a-propos\/\" \/>\n<meta property=\"og:locale\" content=\"fr_FR\" \/>\n<meta property=\"og:type\" content=\"article\" \/>\n<meta property=\"og:title\" content=\"\u00c0 propos - Prof. Dr. Ahmet Do\u011fan\" \/>\n<meta property=\"og:url\" content=\"https:\/\/www.drahmetdogan.com\/fr\/a-propos\/\" \/>\n<meta property=\"og:site_name\" content=\"Prof. Dr. Ahmet Do\u011fan\" \/>\n<meta property=\"article:modified_time\" content=\"2023-03-10T13:13:12+00:00\" \/>\n<meta name=\"twitter:card\" content=\"summary_large_image\" \/>\n<meta name=\"twitter:label1\" content=\"Dur\u00e9e de lecture estim\u00e9e\" \/>\n\t<meta name=\"twitter:data1\" content=\"2 minutes\" \/>\n<script type=\"application\/ld+json\" class=\"yoast-schema-graph\">{\"@context\":\"https:\/\/schema.org\",\"@graph\":[{\"@type\":\"WebPage\",\"@id\":\"https:\/\/www.drahmetdogan.com\/fr\/a-propos\/\",\"url\":\"https:\/\/www.drahmetdogan.com\/fr\/a-propos\/\",\"name\":\"\u00c0 propos - Prof. Dr. Ahmet Do\u011fan\",\"isPartOf\":{\"@id\":\"https:\/\/www.drahmetdogan.com\/#website\"},\"datePublished\":\"2018-05-01T06:38:27+00:00\",\"dateModified\":\"2023-03-10T13:13:12+00:00\",\"breadcrumb\":{\"@id\":\"https:\/\/www.drahmetdogan.com\/fr\/a-propos\/#breadcrumb\"},\"inLanguage\":\"fr-FR\",\"potentialAction\":[{\"@type\":\"ReadAction\",\"target\":[\"https:\/\/www.drahmetdogan.com\/fr\/a-propos\/\"]}]},{\"@type\":\"BreadcrumbList\",\"@id\":\"https:\/\/www.drahmetdogan.com\/fr\/a-propos\/#breadcrumb\",\"itemListElement\":[{\"@type\":\"ListItem\",\"position\":1,\"name\":\"Anasayfa\",\"item\":\"https:\/\/www.drahmetdogan.com\/fr\/\"},{\"@type\":\"ListItem\",\"position\":2,\"name\":\"\u00c0 propos\"}]},{\"@type\":\"WebSite\",\"@id\":\"https:\/\/www.drahmetdogan.com\/#website\",\"url\":\"https:\/\/www.drahmetdogan.com\/\",\"name\":\"Prof. Dr. Ahmet Do\u011fan\",\"description\":\"\",\"publisher\":{\"@id\":\"https:\/\/www.drahmetdogan.com\/#organization\"},\"potentialAction\":[{\"@type\":\"SearchAction\",\"target\":{\"@type\":\"EntryPoint\",\"urlTemplate\":\"https:\/\/www.drahmetdogan.com\/?s={search_term_string}\"},\"query-input\":\"required name=search_term_string\"}],\"inLanguage\":\"fr-FR\"},{\"@type\":\"Organization\",\"@id\":\"https:\/\/www.drahmetdogan.com\/#organization\",\"name\":\"Prof. Dr. Ahmet Do\u011fan\",\"url\":\"https:\/\/www.drahmetdogan.com\/\",\"logo\":{\"@type\":\"ImageObject\",\"inLanguage\":\"fr-FR\",\"@id\":\"https:\/\/www.drahmetdogan.com\/#\/schema\/logo\/image\/\",\"url\":\"https:\/\/www.drahmetdogan.com\/wp-content\/uploads\/2023\/07\/ahmetdogan-favicon.png\",\"contentUrl\":\"https:\/\/www.drahmetdogan.com\/wp-content\/uploads\/2023\/07\/ahmetdogan-favicon.png\",\"width\":512,\"height\":512,\"caption\":\"Prof. Dr. Ahmet Do\u011fan\"},\"image\":{\"@id\":\"https:\/\/www.drahmetdogan.com\/#\/schema\/logo\/image\/\"}}]}<\/script>\n<!-- \/ Yoast SEO plugin. -->","yoast_head_json":{"title":"\u00c0 propos - Prof. Dr. Ahmet Do\u011fan","robots":{"index":"index","follow":"follow","max-snippet":"max-snippet:-1","max-image-preview":"max-image-preview:large","max-video-preview":"max-video-preview:-1"},"canonical":"https:\/\/www.drahmetdogan.com\/fr\/a-propos\/","og_locale":"fr_FR","og_type":"article","og_title":"\u00c0 propos - Prof. Dr. Ahmet Do\u011fan","og_url":"https:\/\/www.drahmetdogan.com\/fr\/a-propos\/","og_site_name":"Prof. Dr. Ahmet Do\u011fan","article_modified_time":"2023-03-10T13:13:12+00:00","twitter_card":"summary_large_image","twitter_misc":{"Dur\u00e9e de lecture estim\u00e9e":"2 minutes"},"schema":{"@context":"https:\/\/schema.org","@graph":[{"@type":"WebPage","@id":"https:\/\/www.drahmetdogan.com\/fr\/a-propos\/","url":"https:\/\/www.drahmetdogan.com\/fr\/a-propos\/","name":"\u00c0 propos - Prof. Dr. Ahmet Do\u011fan","isPartOf":{"@id":"https:\/\/www.drahmetdogan.com\/#website"},"datePublished":"2018-05-01T06:38:27+00:00","dateModified":"2023-03-10T13:13:12+00:00","breadcrumb":{"@id":"https:\/\/www.drahmetdogan.com\/fr\/a-propos\/#breadcrumb"},"inLanguage":"fr-FR","potentialAction":[{"@type":"ReadAction","target":["https:\/\/www.drahmetdogan.com\/fr\/a-propos\/"]}]},{"@type":"BreadcrumbList","@id":"https:\/\/www.drahmetdogan.com\/fr\/a-propos\/#breadcrumb","itemListElement":[{"@type":"ListItem","position":1,"name":"Anasayfa","item":"https:\/\/www.drahmetdogan.com\/fr\/"},{"@type":"ListItem","position":2,"name":"\u00c0 propos"}]},{"@type":"WebSite","@id":"https:\/\/www.drahmetdogan.com\/#website","url":"https:\/\/www.drahmetdogan.com\/","name":"Prof. Dr. Ahmet Do\u011fan","description":"","publisher":{"@id":"https:\/\/www.drahmetdogan.com\/#organization"},"potentialAction":[{"@type":"SearchAction","target":{"@type":"EntryPoint","urlTemplate":"https:\/\/www.drahmetdogan.com\/?s={search_term_string}"},"query-input":"required name=search_term_string"}],"inLanguage":"fr-FR"},{"@type":"Organization","@id":"https:\/\/www.drahmetdogan.com\/#organization","name":"Prof. Dr. Ahmet Do\u011fan","url":"https:\/\/www.drahmetdogan.com\/","logo":{"@type":"ImageObject","inLanguage":"fr-FR","@id":"https:\/\/www.drahmetdogan.com\/#\/schema\/logo\/image\/","url":"https:\/\/www.drahmetdogan.com\/wp-content\/uploads\/2023\/07\/ahmetdogan-favicon.png","contentUrl":"https:\/\/www.drahmetdogan.com\/wp-content\/uploads\/2023\/07\/ahmetdogan-favicon.png","width":512,"height":512,"caption":"Prof. Dr. Ahmet Do\u011fan"},"image":{"@id":"https:\/\/www.drahmetdogan.com\/#\/schema\/logo\/image\/"}}]}},"_links":{"self":[{"href":"https:\/\/www.drahmetdogan.com\/fr\/wp-json\/wp\/v2\/pages\/4696","targetHints":{"allow":["GET"]}}],"collection":[{"href":"https:\/\/www.drahmetdogan.com\/fr\/wp-json\/wp\/v2\/pages"}],"about":[{"href":"https:\/\/www.drahmetdogan.com\/fr\/wp-json\/wp\/v2\/types\/page"}],"author":[{"embeddable":true,"href":"https:\/\/www.drahmetdogan.com\/fr\/wp-json\/wp\/v2\/users\/1"}],"replies":[{"embeddable":true,"href":"https:\/\/www.drahmetdogan.com\/fr\/wp-json\/wp\/v2\/comments?post=4696"}],"version-history":[{"count":5,"href":"https:\/\/www.drahmetdogan.com\/fr\/wp-json\/wp\/v2\/pages\/4696\/revisions"}],"predecessor-version":[{"id":5057,"href":"https:\/\/www.drahmetdogan.com\/fr\/wp-json\/wp\/v2\/pages\/4696\/revisions\/5057"}],"wp:attachment":[{"href":"https:\/\/www.drahmetdogan.com\/fr\/wp-json\/wp\/v2\/media?parent=4696"}],"curies":[{"name":"wp","href":"https:\/\/api.w.org\/{rel}","templated":true}]}}