{"id":4681,"date":"2018-05-07T15:01:00","date_gmt":"2018-05-07T12:01:00","guid":{"rendered":"https:\/\/www.drahmetdogan.com\/contact\/"},"modified":"2023-01-16T16:00:56","modified_gmt":"2023-01-16T13:00:56","slug":"contact","status":"publish","type":"page","link":"https:\/\/www.drahmetdogan.com\/en\/contact\/","title":{"rendered":"Contact"},"content":{"rendered":"<div id=\"seasidetms_row_9kxddrdb3\" class=\"seasidetms_row seasidetms_color_scheme_default seasidetms_row_top_default seasidetms_row_bot_default seasidetms_row_fullwidth\">\n<div class=\"seasidetms_row_outer_parent\">\n<div class=\"seasidetms_row_outer\">\n<div class=\"seasidetms_row_inner seasidetms_row_fullwidth\">\n<div class=\"seasidetms_row_margin\">\n<div id=\"seasidetms_column_qkfxappob8\" class=\"seasidetms_column one_first\">\n<div class=\"seasidetms_column_inner\"><div class=\"custom_html\">\n<iframe src=\"https:\/\/www.google.com\/maps\/embed?pb=!1m18!1m12!1m3!1d3011.5415936574204!2d28.831904915661692!3d40.991517628404566!2m3!1f0!2f0!3f0!3m2!1i1024!2i768!4f13.1!3m3!1m2!1s0x14caa384411bae5f%3A0x92888815bb08b816!2sProf.Dr.Ahmet%20Do%C4%9Fan!5e0!3m2!1str!2str!4v1672206633062!5m2!1str!2str\" width=\"100%\" height=\"300\" style=\"border:0;\" allowfullscreen=\"\" loading=\"lazy\" referrerpolicy=\"no-referrer-when-downgrade\"><\/iframe>\n<\/div>\n<div id=\"google_map_hh285hsiuh\" class=\"seasidetms_google_map google_map d-none\" data-address=\"Brooklyn, NY 10036, United States\" data-maptype=\"ROADMAP\" data-zoom=\"15\" data-scrollwheel=\"true\" data-doubleclickzoom=\"true\" data-pan-control=\"true\" data-zoom-control=\"true\" data-map-type-control=\"true\" data-scale-control=\"true\" data-street-view-control=\"true\" data-overview-map-control=\"true\" data-markers=\"address: Brooklyn, NY 10036, United States\/\/\/html: Ahoy!\/\/\/|||\"><\/div>\n<\/div><\/div>\n<\/div>\n<\/div>\n<\/div>\n<\/div>\n<\/div>\n<div id=\"seasidetms_row_7062zj21pd\" class=\"seasidetms_row seasidetms_color_scheme_default seasidetms_row_top_default seasidetms_row_bot_default seasidetms_row_boxed\">\n<div class=\"seasidetms_row_outer_parent\">\n<div class=\"seasidetms_row_outer\">\n<div class=\"seasidetms_row_inner\">\n<div class=\"seasidetms_row_margin\">\n<div id=\"seasidetms_column_3u75z53rz\" class=\"seasidetms_column one_half\">\n<div class=\"seasidetms_column_inner\">\n<div class=\"seasidetms_sidebar sidebar_layout_11\"><aside id=\"custom-contact-info-9\" class=\"widget widget_custom_contact_info_entries\"><h3 class=\"widgettitle\">Contact Information<\/h3><div class=\"adr adress_wrap seasidetms_theme_icon_user_address\"><span class=\"street-address contact_widget_address\">Atak\u00f6y 7-8-9-10 Quarter, \u00c7oban\u00e7e\u015fme E-5 Side Road Street<\/span><span class=\"region contact_widget_state\">Atakoy Towers B Block Floor:12 Office:138-139-140-141 , Istanbul, Turkey 34158<\/span><\/div><span class=\"contact_widget_email seasidetms_theme_icon_user_mail\"><a class=\"email\" href=\"mailto:%69&#110;f&#111;&#64;%64&#114;a&#104;&#109;e&#116;do%67&#97;&#110;&#46;%63%6fm\">&#105;nfo&#64;&#100;&#114;&#97;h&#109;etd&#111;g&#97;&#110;&#46;co&#109;<\/a><\/span><span class=\"contact_widget_phone seasidetms_theme_icon_user_phone\"><span class=\"tel\">+90539 358 53 01<\/span><\/span><\/aside><aside id=\"text-14\" class=\"widget widget_text\"><h3 class=\"widgettitle\">Working Hours<\/h3>\t\t\t<div class=\"textwidget\"><p class=\"hours-box__line\"><span class=\"hours-box__days\">Monday: CLOSED<\/span><\/p>\n<p>Tuesday: 10:00 &#8211; 17:00<\/p>\n<p>Wednesday: 15:00 &#8211; 17:00<\/p>\n<p>Thursday: CLOSED<\/p>\n<p>Friday: 11:00 &#8211; 17:00<\/p>\n<p><span class=\"hours-box__days\">Saturday: <\/span>\u00a010<span class=\"hours-box__hours\">.00 &#8211; 14.00<\/span><\/p>\n<p>Sunday: CLOSED<\/p>\n<\/div>\n\t\t<\/aside><div class=\"cl\"><\/div>\n<\/div>\n<\/div><\/div>\n<div id=\"seasidetms_column_n294fhqdhc\" class=\"seasidetms_column one_half\">\n<div class=\"seasidetms_column_inner\"><div id=\"seasidetms_heading_akq9ciygka\" class=\"seasidetms_heading_wrap seasidetms_heading_align_left\">\n\t<h2 class=\"seasidetms_heading\">Questions? Let our experts help!<\/h2>\n<\/div><div id=\"seasidetms_heading_5a6b5j0ip8\" class=\"seasidetms_heading_wrap seasidetms_heading_align_left\">\n\t<h6 class=\"seasidetms_heading\">TEAM OF PROFESSIONALS<\/h6>\n<\/div><div class=\"seasidetms_contact_form\"><div class=\"wpcf7 no-js\" id=\"wpcf7-f4995-o1\" lang=\"en-US\" dir=\"ltr\">\n<div class=\"screen-reader-response\"><p role=\"status\" aria-live=\"polite\" aria-atomic=\"true\"><\/p> <ul><\/ul><\/div>\n<form action=\"\/en\/wp-json\/wp\/v2\/pages\/4681#wpcf7-f4995-o1\" method=\"post\" class=\"wpcf7-form init\" aria-label=\"Contact form\" novalidate=\"novalidate\" data-status=\"init\">\n<div style=\"display: none;\">\n<input type=\"hidden\" name=\"_wpcf7\" value=\"4995\" \/>\n<input type=\"hidden\" name=\"_wpcf7_version\" value=\"5.7.2\" \/>\n<input type=\"hidden\" name=\"_wpcf7_locale\" value=\"en_US\" \/>\n<input type=\"hidden\" name=\"_wpcf7_unit_tag\" value=\"wpcf7-f4995-o1\" \/>\n<input type=\"hidden\" name=\"_wpcf7_container_post\" value=\"0\" \/>\n<input type=\"hidden\" name=\"_wpcf7_posted_data_hash\" value=\"\" \/>\n<\/div>\n<p><label> Name (required)<br \/>\n<span class=\"wpcf7-form-control-wrap\" data-name=\"your-name\"><input size=\"40\" class=\"wpcf7-form-control wpcf7-text wpcf7-validates-as-required\" aria-required=\"true\" aria-invalid=\"false\" value=\"\" type=\"text\" name=\"your-name\" \/><\/span> <\/label>\n<\/p>\n<p><label> Email (required)<br \/>\n<span class=\"wpcf7-form-control-wrap\" data-name=\"your-email\"><input size=\"40\" class=\"wpcf7-form-control wpcf7-text wpcf7-email wpcf7-validates-as-required wpcf7-validates-as-email\" aria-required=\"true\" aria-invalid=\"false\" value=\"\" type=\"email\" name=\"your-email\" \/><\/span> <\/label>\n<\/p>\n<p><label> Subject<br \/>\n<span class=\"wpcf7-form-control-wrap\" data-name=\"your-subject\"><input size=\"40\" class=\"wpcf7-form-control wpcf7-text\" aria-invalid=\"false\" value=\"\" type=\"text\" name=\"your-subject\" \/><\/span> <\/label>\n<\/p>\n<p><label> Message<br \/>\n<span class=\"wpcf7-form-control-wrap\" data-name=\"your-message\"><textarea cols=\"40\" rows=\"10\" class=\"wpcf7-form-control wpcf7-textarea\" aria-invalid=\"false\" name=\"your-message\"><\/textarea><\/span> <\/label>\n<\/p>\n<p><input class=\"wpcf7-form-control has-spinner wpcf7-submit\" type=\"submit\" value=\"Send\" \/>\n<\/p><div class=\"wpcf7-response-output\" aria-hidden=\"true\"><\/div><\/form><\/div><\/div>\n<div class=\"seasidetms_contact_form d-none\">[seasidetms_contact_form_sc formname=\"null\" email=\"#\" fromname=\"wordpress\"]<\/div>\n<\/div><\/div>\n<\/div>\n<\/div>\n<\/div>\n<\/div>\n<\/div>\n\n","protected":false},"excerpt":{"rendered":"","protected":false},"author":1,"featured_media":0,"parent":0,"menu_order":0,"comment_status":"closed","ping_status":"closed","template":"","meta":{"footnotes":""},"class_list":["post-4681","page","type-page","status-publish","hentry"],"yoast_head":"<!-- This site is optimized with the Yoast SEO plugin v19.13 - https:\/\/yoast.com\/wordpress\/plugins\/seo\/ -->\n<title>Contact - Prof. Dr. Ahmet Do\u011fan<\/title>\n<meta name=\"robots\" content=\"index, follow, max-snippet:-1, max-image-preview:large, max-video-preview:-1\" \/>\n<link rel=\"canonical\" href=\"https:\/\/www.drahmetdogan.com\/en\/contact\/\" \/>\n<meta property=\"og:locale\" content=\"en_US\" \/>\n<meta property=\"og:type\" content=\"article\" \/>\n<meta property=\"og:title\" content=\"Contact - Prof. Dr. Ahmet Do\u011fan\" \/>\n<meta property=\"og:url\" content=\"https:\/\/www.drahmetdogan.com\/en\/contact\/\" \/>\n<meta property=\"og:site_name\" content=\"Prof. Dr. Ahmet Do\u011fan\" \/>\n<meta property=\"article:modified_time\" content=\"2023-01-16T13:00:56+00:00\" \/>\n<meta name=\"twitter:card\" content=\"summary_large_image\" \/>\n<meta name=\"twitter:label1\" content=\"Est. reading time\" \/>\n\t<meta name=\"twitter:data1\" content=\"1 minute\" \/>\n<script type=\"application\/ld+json\" class=\"yoast-schema-graph\">{\"@context\":\"https:\/\/schema.org\",\"@graph\":[{\"@type\":\"WebPage\",\"@id\":\"https:\/\/www.drahmetdogan.com\/en\/contact\/\",\"url\":\"https:\/\/www.drahmetdogan.com\/en\/contact\/\",\"name\":\"Contact - Prof. Dr. Ahmet Do\u011fan\",\"isPartOf\":{\"@id\":\"https:\/\/www.drahmetdogan.com\/#website\"},\"datePublished\":\"2018-05-07T12:01:00+00:00\",\"dateModified\":\"2023-01-16T13:00:56+00:00\",\"breadcrumb\":{\"@id\":\"https:\/\/www.drahmetdogan.com\/en\/contact\/#breadcrumb\"},\"inLanguage\":\"en-US\",\"potentialAction\":[{\"@type\":\"ReadAction\",\"target\":[\"https:\/\/www.drahmetdogan.com\/en\/contact\/\"]}]},{\"@type\":\"BreadcrumbList\",\"@id\":\"https:\/\/www.drahmetdogan.com\/en\/contact\/#breadcrumb\",\"itemListElement\":[{\"@type\":\"ListItem\",\"position\":1,\"name\":\"Anasayfa\",\"item\":\"https:\/\/www.drahmetdogan.com\/en\/\"},{\"@type\":\"ListItem\",\"position\":2,\"name\":\"Contact\"}]},{\"@type\":\"WebSite\",\"@id\":\"https:\/\/www.drahmetdogan.com\/#website\",\"url\":\"https:\/\/www.drahmetdogan.com\/\",\"name\":\"Prof. Dr. Ahmet Do\u011fan\",\"description\":\"\",\"publisher\":{\"@id\":\"https:\/\/www.drahmetdogan.com\/#organization\"},\"potentialAction\":[{\"@type\":\"SearchAction\",\"target\":{\"@type\":\"EntryPoint\",\"urlTemplate\":\"https:\/\/www.drahmetdogan.com\/?s={search_term_string}\"},\"query-input\":\"required name=search_term_string\"}],\"inLanguage\":\"en-US\"},{\"@type\":\"Organization\",\"@id\":\"https:\/\/www.drahmetdogan.com\/#organization\",\"name\":\"Prof. Dr. Ahmet Do\u011fan\",\"url\":\"https:\/\/www.drahmetdogan.com\/\",\"logo\":{\"@type\":\"ImageObject\",\"inLanguage\":\"en-US\",\"@id\":\"https:\/\/www.drahmetdogan.com\/#\/schema\/logo\/image\/\",\"url\":\"https:\/\/www.drahmetdogan.com\/wp-content\/uploads\/2023\/07\/ahmetdogan-favicon.png\",\"contentUrl\":\"https:\/\/www.drahmetdogan.com\/wp-content\/uploads\/2023\/07\/ahmetdogan-favicon.png\",\"width\":512,\"height\":512,\"caption\":\"Prof. Dr. Ahmet Do\u011fan\"},\"image\":{\"@id\":\"https:\/\/www.drahmetdogan.com\/#\/schema\/logo\/image\/\"}}]}<\/script>\n<!-- \/ Yoast SEO plugin. -->","yoast_head_json":{"title":"Contact - Prof. Dr. Ahmet Do\u011fan","robots":{"index":"index","follow":"follow","max-snippet":"max-snippet:-1","max-image-preview":"max-image-preview:large","max-video-preview":"max-video-preview:-1"},"canonical":"https:\/\/www.drahmetdogan.com\/en\/contact\/","og_locale":"en_US","og_type":"article","og_title":"Contact - Prof. Dr. Ahmet Do\u011fan","og_url":"https:\/\/www.drahmetdogan.com\/en\/contact\/","og_site_name":"Prof. Dr. Ahmet Do\u011fan","article_modified_time":"2023-01-16T13:00:56+00:00","twitter_card":"summary_large_image","twitter_misc":{"Est. reading time":"1 minute"},"schema":{"@context":"https:\/\/schema.org","@graph":[{"@type":"WebPage","@id":"https:\/\/www.drahmetdogan.com\/en\/contact\/","url":"https:\/\/www.drahmetdogan.com\/en\/contact\/","name":"Contact - Prof. Dr. Ahmet Do\u011fan","isPartOf":{"@id":"https:\/\/www.drahmetdogan.com\/#website"},"datePublished":"2018-05-07T12:01:00+00:00","dateModified":"2023-01-16T13:00:56+00:00","breadcrumb":{"@id":"https:\/\/www.drahmetdogan.com\/en\/contact\/#breadcrumb"},"inLanguage":"en-US","potentialAction":[{"@type":"ReadAction","target":["https:\/\/www.drahmetdogan.com\/en\/contact\/"]}]},{"@type":"BreadcrumbList","@id":"https:\/\/www.drahmetdogan.com\/en\/contact\/#breadcrumb","itemListElement":[{"@type":"ListItem","position":1,"name":"Anasayfa","item":"https:\/\/www.drahmetdogan.com\/en\/"},{"@type":"ListItem","position":2,"name":"Contact"}]},{"@type":"WebSite","@id":"https:\/\/www.drahmetdogan.com\/#website","url":"https:\/\/www.drahmetdogan.com\/","name":"Prof. Dr. Ahmet Do\u011fan","description":"","publisher":{"@id":"https:\/\/www.drahmetdogan.com\/#organization"},"potentialAction":[{"@type":"SearchAction","target":{"@type":"EntryPoint","urlTemplate":"https:\/\/www.drahmetdogan.com\/?s={search_term_string}"},"query-input":"required name=search_term_string"}],"inLanguage":"en-US"},{"@type":"Organization","@id":"https:\/\/www.drahmetdogan.com\/#organization","name":"Prof. Dr. Ahmet Do\u011fan","url":"https:\/\/www.drahmetdogan.com\/","logo":{"@type":"ImageObject","inLanguage":"en-US","@id":"https:\/\/www.drahmetdogan.com\/#\/schema\/logo\/image\/","url":"https:\/\/www.drahmetdogan.com\/wp-content\/uploads\/2023\/07\/ahmetdogan-favicon.png","contentUrl":"https:\/\/www.drahmetdogan.com\/wp-content\/uploads\/2023\/07\/ahmetdogan-favicon.png","width":512,"height":512,"caption":"Prof. Dr. Ahmet Do\u011fan"},"image":{"@id":"https:\/\/www.drahmetdogan.com\/#\/schema\/logo\/image\/"}}]}},"_links":{"self":[{"href":"https:\/\/www.drahmetdogan.com\/en\/wp-json\/wp\/v2\/pages\/4681","targetHints":{"allow":["GET"]}}],"collection":[{"href":"https:\/\/www.drahmetdogan.com\/en\/wp-json\/wp\/v2\/pages"}],"about":[{"href":"https:\/\/www.drahmetdogan.com\/en\/wp-json\/wp\/v2\/types\/page"}],"author":[{"embeddable":true,"href":"https:\/\/www.drahmetdogan.com\/en\/wp-json\/wp\/v2\/users\/1"}],"replies":[{"embeddable":true,"href":"https:\/\/www.drahmetdogan.com\/en\/wp-json\/wp\/v2\/comments?post=4681"}],"version-history":[{"count":8,"href":"https:\/\/www.drahmetdogan.com\/en\/wp-json\/wp\/v2\/pages\/4681\/revisions"}],"predecessor-version":[{"id":4998,"href":"https:\/\/www.drahmetdogan.com\/en\/wp-json\/wp\/v2\/pages\/4681\/revisions\/4998"}],"wp:attachment":[{"href":"https:\/\/www.drahmetdogan.com\/en\/wp-json\/wp\/v2\/media?parent=4681"}],"curies":[{"name":"wp","href":"https:\/\/api.w.org\/{rel}","templated":true}]}}